{"id":9787,"date":"2022-05-23T15:06:16","date_gmt":"2022-05-23T12:06:17","guid":{"rendered":"https:\/\/masterchem.fi\/?post_type=product&#038;p=9787"},"modified":"2022-05-23T15:10:06","modified_gmt":"2022-05-23T12:10:06","slug":"koboltsulfat-cas-10026-24-1","status":"publish","type":"product","link":"https:\/\/masterchem.fi\/sv\/produkt\/koboltsulfat-cas-10026-24-1\/","title":{"rendered":"Koboltsulfat (CAS 10026-24-1)"},"content":{"rendered":"<p> <strong> Information <\/strong> <\/p>\n<p> Branscher: Foderindustri <br \/>\nCAS-nummer: 10026-24-1 <br \/>\nWE-nummer: 233-334-2 <br \/>\nIndexnummer: 027-005-00-0 <br \/>\nKemisk formel: CoSO4 \u00b7 7H2O <br \/>\nMolekylvikt: 281,1 g\/mol <br \/>\nTulltaxekod: 28332930 <br \/>\nADR: UN3077 <\/p>\n<p> <strong> Andra fysiska egenskaper <\/strong> <br \/>\npH: 4,0 (50 g\/l, H2O, 20 \u00b0C) <br \/>\nSm\u00e4ltpunkt\/fryspunkt: 98\u00baC <br \/>\nRelativ densitet: 2,03 g\/cm3 (20 \u00b0C) <\/p>\n","protected":false},"excerpt":{"rendered":"<p> <strong> Koboltsulfat (CAS 10026-24-1) <\/strong> <\/p>\n<p> Koboltsulfater \u00e4r viktiga mellanprodukter i separationen av kobolt fr\u00e5n dess malmer. S\u00e5lunda behandlas krossade, delvis bearbetade malmer med svavelsyra f\u00f6r att ge r\u00f6da l\u00f6sningar inneh\u00e5llande koboltsulfat. <\/p>\n<p>Hydrerat kobolt(II)sulfat anv\u00e4nds vid tillverkning av pigment och vid tillverkning av andra koboltsalter. Koboltpigment anv\u00e4nds i porslin och glas. Kobolt(II)sulfat anv\u00e4nds i batterier och galvaniseringsbad, i sympatiska bl\u00e4ck och som tillsats i jord och djurfoder. F\u00f6r dessa \u00e4ndam\u00e5l framst\u00e4lls koboltsulfat genom att behandla koboltoxid med svavelsyra. <\/p>\n<p> Eftersom heptahydrat \u00e4r allm\u00e4nt tillg\u00e4ngligt kommersiellt, \u00e4r det en vanlig k\u00e4lla till kobolt inom koordinationskemin. <\/p>\n","protected":false},"featured_media":9791,"template":"","meta":[],"product_brand":[],"product_cat":[116,179],"product_tag":[],"class_list":{"0":"post-9787","1":"product","2":"type-product","3":"status-publish","4":"has-post-thumbnail","6":"product_cat-alla-produkter","7":"product_cat-foderindustri","9":"first","10":"outofstock","11":"taxable","12":"shipping-taxable","13":"purchasable","14":"product-type-variable","15":"has-default-attributes","16":"rtwpvg-product"},"yoast_head":"<!-- This site is optimized with the Yoast SEO plugin v27.5 - https:\/\/yoast.com\/product\/yoast-seo-wordpress\/ -->\n<title>Koboltsulfat (CAS 10026-24-1) - MasterChem | kemikaalien tuotanto ja myynti<\/title>\n<meta name=\"description\" content=\"Koboltsulfater \u00e4r viktiga mellanprodukter vid separationen av kobolt fr\u00e5n dess malmer.\" \/>\n<meta name=\"robots\" content=\"index, follow, max-snippet:-1, max-image-preview:large, max-video-preview:-1\" \/>\n<link rel=\"canonical\" href=\"https:\/\/masterchem.fi\/sv\/produkt\/koboltsulfat-cas-10026-24-1\/\" \/>\n<meta property=\"og:locale\" content=\"sv_SE\" \/>\n<meta property=\"og:type\" content=\"article\" \/>\n<meta property=\"og:title\" content=\"Koboltsulfat (CAS 10026-24-1) - MasterChem | kemikaalien tuotanto ja myynti\" \/>\n<meta property=\"og:description\" content=\"Koboltsulfater \u00e4r viktiga mellanprodukter vid separationen av kobolt fr\u00e5n dess malmer.\" \/>\n<meta property=\"og:url\" content=\"https:\/\/masterchem.fi\/sv\/produkt\/koboltsulfat-cas-10026-24-1\/\" \/>\n<meta property=\"og:site_name\" content=\"MasterChem | kemikaalien tuotanto ja myynti\" \/>\n<meta property=\"article:modified_time\" content=\"2022-05-23T12:10:06+00:00\" \/>\n<meta property=\"og:image\" content=\"https:\/\/masterchem.fi\/wp-content\/uploads\/2022\/05\/Kobolttisulfaatti-CAS-10026-24-1-25kg-MasterChem.jpg\" \/>\n\t<meta property=\"og:image:width\" content=\"1000\" \/>\n\t<meta property=\"og:image:height\" content=\"1000\" \/>\n\t<meta property=\"og:image:type\" content=\"image\/jpeg\" \/>\n<meta name=\"twitter:card\" content=\"summary_large_image\" \/>\n<script type=\"application\/ld+json\" class=\"yoast-schema-graph\">{\"@context\":\"https:\\\/\\\/schema.org\",\"@graph\":[{\"@type\":\"WebPage\",\"@id\":\"https:\\\/\\\/masterchem.fi\\\/sv\\\/produkt\\\/koboltsulfat-cas-10026-24-1\\\/\",\"url\":\"https:\\\/\\\/masterchem.fi\\\/sv\\\/produkt\\\/koboltsulfat-cas-10026-24-1\\\/\",\"name\":\"Koboltsulfat (CAS 10026-24-1) - MasterChem | kemikaalien tuotanto ja myynti\",\"isPartOf\":{\"@id\":\"https:\\\/\\\/masterchem.fi\\\/sv\\\/#website\"},\"primaryImageOfPage\":{\"@id\":\"https:\\\/\\\/masterchem.fi\\\/sv\\\/produkt\\\/koboltsulfat-cas-10026-24-1\\\/#primaryimage\"},\"image\":{\"@id\":\"https:\\\/\\\/masterchem.fi\\\/sv\\\/produkt\\\/koboltsulfat-cas-10026-24-1\\\/#primaryimage\"},\"thumbnailUrl\":\"https:\\\/\\\/masterchem.fi\\\/wp-content\\\/uploads\\\/2022\\\/05\\\/Kobolttisulfaatti-CAS-10026-24-1-25kg-MasterChem.jpg\",\"datePublished\":\"2022-05-23T12:06:17+00:00\",\"dateModified\":\"2022-05-23T12:10:06+00:00\",\"description\":\"Koboltsulfater \u00e4r viktiga mellanprodukter vid separationen av kobolt fr\u00e5n dess malmer.\",\"breadcrumb\":{\"@id\":\"https:\\\/\\\/masterchem.fi\\\/sv\\\/produkt\\\/koboltsulfat-cas-10026-24-1\\\/#breadcrumb\"},\"inLanguage\":\"sv-SE\",\"potentialAction\":[{\"@type\":\"ReadAction\",\"target\":[\"https:\\\/\\\/masterchem.fi\\\/sv\\\/produkt\\\/koboltsulfat-cas-10026-24-1\\\/\"]}]},{\"@type\":\"ImageObject\",\"inLanguage\":\"sv-SE\",\"@id\":\"https:\\\/\\\/masterchem.fi\\\/sv\\\/produkt\\\/koboltsulfat-cas-10026-24-1\\\/#primaryimage\",\"url\":\"https:\\\/\\\/masterchem.fi\\\/wp-content\\\/uploads\\\/2022\\\/05\\\/Kobolttisulfaatti-CAS-10026-24-1-25kg-MasterChem.jpg\",\"contentUrl\":\"https:\\\/\\\/masterchem.fi\\\/wp-content\\\/uploads\\\/2022\\\/05\\\/Kobolttisulfaatti-CAS-10026-24-1-25kg-MasterChem.jpg\",\"width\":1000,\"height\":1000,\"caption\":\"Koboltsulfat (CAS 10026-24-1)\"},{\"@type\":\"BreadcrumbList\",\"@id\":\"https:\\\/\\\/masterchem.fi\\\/sv\\\/produkt\\\/koboltsulfat-cas-10026-24-1\\\/#breadcrumb\",\"itemListElement\":[{\"@type\":\"ListItem\",\"position\":1,\"name\":\"Home\",\"item\":\"https:\\\/\\\/masterchem.fi\\\/sv\\\/\"},{\"@type\":\"ListItem\",\"position\":2,\"name\":\"Butik\",\"item\":\"https:\\\/\\\/masterchem.fi\\\/sv\\\/butik\\\/\"},{\"@type\":\"ListItem\",\"position\":3,\"name\":\"Koboltsulfat (CAS 10026-24-1)\"}]},{\"@type\":\"WebSite\",\"@id\":\"https:\\\/\\\/masterchem.fi\\\/sv\\\/#website\",\"url\":\"https:\\\/\\\/masterchem.fi\\\/sv\\\/\",\"name\":\"MasterChem | kemikaalien tuotanto ja myynti\",\"description\":\"kemikaalien tuotanto ja myynti\",\"potentialAction\":[{\"@type\":\"SearchAction\",\"target\":{\"@type\":\"EntryPoint\",\"urlTemplate\":\"https:\\\/\\\/masterchem.fi\\\/sv\\\/?s={search_term_string}\"},\"query-input\":{\"@type\":\"PropertyValueSpecification\",\"valueRequired\":true,\"valueName\":\"search_term_string\"}}],\"inLanguage\":\"sv-SE\"}]}<\/script>\n<!-- \/ Yoast SEO plugin. -->","yoast_head_json":{"title":"Koboltsulfat (CAS 10026-24-1) - MasterChem | kemikaalien tuotanto ja myynti","description":"Koboltsulfater \u00e4r viktiga mellanprodukter vid separationen av kobolt fr\u00e5n dess malmer.","robots":{"index":"index","follow":"follow","max-snippet":"max-snippet:-1","max-image-preview":"max-image-preview:large","max-video-preview":"max-video-preview:-1"},"canonical":"https:\/\/masterchem.fi\/sv\/produkt\/koboltsulfat-cas-10026-24-1\/","og_locale":"sv_SE","og_type":"article","og_title":"Koboltsulfat (CAS 10026-24-1) - MasterChem | kemikaalien tuotanto ja myynti","og_description":"Koboltsulfater \u00e4r viktiga mellanprodukter vid separationen av kobolt fr\u00e5n dess malmer.","og_url":"https:\/\/masterchem.fi\/sv\/produkt\/koboltsulfat-cas-10026-24-1\/","og_site_name":"MasterChem | kemikaalien tuotanto ja myynti","article_modified_time":"2022-05-23T12:10:06+00:00","og_image":[{"width":1000,"height":1000,"url":"https:\/\/masterchem.fi\/wp-content\/uploads\/2022\/05\/Kobolttisulfaatti-CAS-10026-24-1-25kg-MasterChem.jpg","type":"image\/jpeg"}],"twitter_card":"summary_large_image","schema":{"@context":"https:\/\/schema.org","@graph":[{"@type":"WebPage","@id":"https:\/\/masterchem.fi\/sv\/produkt\/koboltsulfat-cas-10026-24-1\/","url":"https:\/\/masterchem.fi\/sv\/produkt\/koboltsulfat-cas-10026-24-1\/","name":"Koboltsulfat (CAS 10026-24-1) - MasterChem | kemikaalien tuotanto ja myynti","isPartOf":{"@id":"https:\/\/masterchem.fi\/sv\/#website"},"primaryImageOfPage":{"@id":"https:\/\/masterchem.fi\/sv\/produkt\/koboltsulfat-cas-10026-24-1\/#primaryimage"},"image":{"@id":"https:\/\/masterchem.fi\/sv\/produkt\/koboltsulfat-cas-10026-24-1\/#primaryimage"},"thumbnailUrl":"https:\/\/masterchem.fi\/wp-content\/uploads\/2022\/05\/Kobolttisulfaatti-CAS-10026-24-1-25kg-MasterChem.jpg","datePublished":"2022-05-23T12:06:17+00:00","dateModified":"2022-05-23T12:10:06+00:00","description":"Koboltsulfater \u00e4r viktiga mellanprodukter vid separationen av kobolt fr\u00e5n dess malmer.","breadcrumb":{"@id":"https:\/\/masterchem.fi\/sv\/produkt\/koboltsulfat-cas-10026-24-1\/#breadcrumb"},"inLanguage":"sv-SE","potentialAction":[{"@type":"ReadAction","target":["https:\/\/masterchem.fi\/sv\/produkt\/koboltsulfat-cas-10026-24-1\/"]}]},{"@type":"ImageObject","inLanguage":"sv-SE","@id":"https:\/\/masterchem.fi\/sv\/produkt\/koboltsulfat-cas-10026-24-1\/#primaryimage","url":"https:\/\/masterchem.fi\/wp-content\/uploads\/2022\/05\/Kobolttisulfaatti-CAS-10026-24-1-25kg-MasterChem.jpg","contentUrl":"https:\/\/masterchem.fi\/wp-content\/uploads\/2022\/05\/Kobolttisulfaatti-CAS-10026-24-1-25kg-MasterChem.jpg","width":1000,"height":1000,"caption":"Koboltsulfat (CAS 10026-24-1)"},{"@type":"BreadcrumbList","@id":"https:\/\/masterchem.fi\/sv\/produkt\/koboltsulfat-cas-10026-24-1\/#breadcrumb","itemListElement":[{"@type":"ListItem","position":1,"name":"Home","item":"https:\/\/masterchem.fi\/sv\/"},{"@type":"ListItem","position":2,"name":"Butik","item":"https:\/\/masterchem.fi\/sv\/butik\/"},{"@type":"ListItem","position":3,"name":"Koboltsulfat (CAS 10026-24-1)"}]},{"@type":"WebSite","@id":"https:\/\/masterchem.fi\/sv\/#website","url":"https:\/\/masterchem.fi\/sv\/","name":"MasterChem | kemikaalien tuotanto ja myynti","description":"kemikaalien tuotanto ja myynti","potentialAction":[{"@type":"SearchAction","target":{"@type":"EntryPoint","urlTemplate":"https:\/\/masterchem.fi\/sv\/?s={search_term_string}"},"query-input":{"@type":"PropertyValueSpecification","valueRequired":true,"valueName":"search_term_string"}}],"inLanguage":"sv-SE"}]}},"_links":{"self":[{"href":"https:\/\/masterchem.fi\/sv\/wp-json\/wp\/v2\/product\/9787","targetHints":{"allow":["GET"]}}],"collection":[{"href":"https:\/\/masterchem.fi\/sv\/wp-json\/wp\/v2\/product"}],"about":[{"href":"https:\/\/masterchem.fi\/sv\/wp-json\/wp\/v2\/types\/product"}],"wp:featuredmedia":[{"embeddable":true,"href":"https:\/\/masterchem.fi\/sv\/wp-json\/wp\/v2\/media\/9791"}],"wp:attachment":[{"href":"https:\/\/masterchem.fi\/sv\/wp-json\/wp\/v2\/media?parent=9787"}],"wp:term":[{"taxonomy":"product_brand","embeddable":true,"href":"https:\/\/masterchem.fi\/sv\/wp-json\/wp\/v2\/product_brand?post=9787"},{"taxonomy":"product_cat","embeddable":true,"href":"https:\/\/masterchem.fi\/sv\/wp-json\/wp\/v2\/product_cat?post=9787"},{"taxonomy":"product_tag","embeddable":true,"href":"https:\/\/masterchem.fi\/sv\/wp-json\/wp\/v2\/product_tag?post=9787"}],"curies":[{"name":"wp","href":"https:\/\/api.w.org\/{rel}","templated":true}]}}