{"id":9807,"date":"2022-05-23T15:17:58","date_gmt":"2022-05-23T12:17:58","guid":{"rendered":"https:\/\/masterchem.fi\/?post_type=product&#038;p=9807"},"modified":"2022-05-23T15:22:09","modified_gmt":"2022-05-23T12:22:09","slug":"metylsalicylat-cas-119-36-8","status":"publish","type":"product","link":"https:\/\/masterchem.fi\/sv\/produkt\/metylsalicylat-cas-119-36-8\/","title":{"rendered":"Metylsalicylat (CAS 119-36-8)"},"content":{"rendered":"<p> <strong> Information <\/strong> <\/p>\n<p> Branscher: Foderindustri <br \/>\nCAS-nummer: 119-36-8 <br \/>\nWE-nummer: 204-317-7 <br \/>\nKemisk formel: C8H8O3 <br \/>\nMolekylvikt: 152,15 g\/mol <br \/>\nTariffkod: 29182300 <\/p>\n<p> <strong> Andra fysiska egenskaper <\/strong> <br \/>\npH: 6,5 (20 \u00b0C) <br \/>\nSm\u00e4ltpunkt\/fryspunkt: 200 \u00b0C <\/p>\n","protected":false},"excerpt":{"rendered":"<p> <strong> Metylsalicylat (CAS 119-36-8) <\/strong> <\/p>\n<p> Metylsalicylat \u00e4r en f\u00e4rgl\u00f6s till gulr\u00f6d oljig v\u00e4tska med en karakteristisk lukt. Den kemiska formeln f\u00f6r metylsalicylat \u00e4r C8H8O3. Det \u00e4r ocks\u00e5 k\u00e4nt som salicylsyrametylester, metyl 2-hydroxibensoat, 2-(metoxikarbonyl) fenol och vintergr\u00f6n olja. Metylsalicylat \u00e4r en ester. M\u00e5nga v\u00e4xter, som sj\u00f6stj\u00e4rnor, producerar metylsalicylat.<\/p>\n<p>Metylsalicylat har en molekylvikt p\u00e5 152,1494 g\/mol, en sm\u00e4ltpunkt p\u00e5 -8,6 \u00b0 C, en kokpunkt p\u00e5 222 \u00b0 C, en flampunkt p\u00e5 96 \u00b0 C c.c., en sj\u00e4lvant\u00e4ndningstemperatur p\u00e5 451 \u00b0 C och en CAS antal 119-36-8. \u00c4mnet \u00e4r l\u00f6sligt i vatten vid 20 \u00b0 C 0,07 g \/ 100 ml. Metylsalicylat reagerar med starka oxidanter och starka baser.<\/p>\n","protected":false},"featured_media":9811,"template":"","meta":[],"product_brand":[],"product_cat":[116,179],"product_tag":[],"class_list":{"0":"post-9807","1":"product","2":"type-product","3":"status-publish","4":"has-post-thumbnail","6":"product_cat-alla-produkter","7":"product_cat-foderindustri","9":"first","10":"outofstock","11":"taxable","12":"shipping-taxable","13":"purchasable","14":"product-type-variable","15":"has-default-attributes","16":"rtwpvg-product"},"yoast_head":"<!-- This site is optimized with the Yoast SEO plugin v27.5 - https:\/\/yoast.com\/product\/yoast-seo-wordpress\/ -->\n<title>Metylsalicylat (CAS 119-36-8) - MasterChem | kemikaalien tuotanto ja myynti<\/title>\n<meta name=\"description\" content=\"Metylsalicylat \u00e4r en f\u00e4rgl\u00f6s till gulr\u00f6d oljig v\u00e4tska med en karakteristisk lukt. Den kemiska formeln f\u00f6r metylsalicylat \u00e4r C8H8O3.\" \/>\n<meta name=\"robots\" content=\"index, follow, max-snippet:-1, max-image-preview:large, max-video-preview:-1\" \/>\n<link rel=\"canonical\" href=\"https:\/\/masterchem.fi\/sv\/produkt\/metylsalicylat-cas-119-36-8\/\" \/>\n<meta property=\"og:locale\" content=\"sv_SE\" \/>\n<meta property=\"og:type\" content=\"article\" \/>\n<meta property=\"og:title\" content=\"Metylsalicylat (CAS 119-36-8) - MasterChem | kemikaalien tuotanto ja myynti\" \/>\n<meta property=\"og:description\" content=\"Metylsalicylat \u00e4r en f\u00e4rgl\u00f6s till gulr\u00f6d oljig v\u00e4tska med en karakteristisk lukt. Den kemiska formeln f\u00f6r metylsalicylat \u00e4r C8H8O3.\" \/>\n<meta property=\"og:url\" content=\"https:\/\/masterchem.fi\/sv\/produkt\/metylsalicylat-cas-119-36-8\/\" \/>\n<meta property=\"og:site_name\" content=\"MasterChem | kemikaalien tuotanto ja myynti\" \/>\n<meta property=\"article:modified_time\" content=\"2022-05-23T12:22:09+00:00\" \/>\n<meta property=\"og:image\" content=\"https:\/\/masterchem.fi\/wp-content\/uploads\/2022\/05\/Metyylisalisylaatti-CAS-119-36-8-25kg-MasterChem.jpg\" \/>\n\t<meta property=\"og:image:width\" content=\"1000\" \/>\n\t<meta property=\"og:image:height\" content=\"1000\" \/>\n\t<meta property=\"og:image:type\" content=\"image\/jpeg\" \/>\n<meta name=\"twitter:card\" content=\"summary_large_image\" \/>\n<script type=\"application\/ld+json\" class=\"yoast-schema-graph\">{\"@context\":\"https:\\\/\\\/schema.org\",\"@graph\":[{\"@type\":\"WebPage\",\"@id\":\"https:\\\/\\\/masterchem.fi\\\/sv\\\/produkt\\\/metylsalicylat-cas-119-36-8\\\/\",\"url\":\"https:\\\/\\\/masterchem.fi\\\/sv\\\/produkt\\\/metylsalicylat-cas-119-36-8\\\/\",\"name\":\"Metylsalicylat (CAS 119-36-8) - MasterChem | kemikaalien tuotanto ja myynti\",\"isPartOf\":{\"@id\":\"https:\\\/\\\/masterchem.fi\\\/sv\\\/#website\"},\"primaryImageOfPage\":{\"@id\":\"https:\\\/\\\/masterchem.fi\\\/sv\\\/produkt\\\/metylsalicylat-cas-119-36-8\\\/#primaryimage\"},\"image\":{\"@id\":\"https:\\\/\\\/masterchem.fi\\\/sv\\\/produkt\\\/metylsalicylat-cas-119-36-8\\\/#primaryimage\"},\"thumbnailUrl\":\"https:\\\/\\\/masterchem.fi\\\/wp-content\\\/uploads\\\/2022\\\/05\\\/Metyylisalisylaatti-CAS-119-36-8-25kg-MasterChem.jpg\",\"datePublished\":\"2022-05-23T12:17:58+00:00\",\"dateModified\":\"2022-05-23T12:22:09+00:00\",\"description\":\"Metylsalicylat \u00e4r en f\u00e4rgl\u00f6s till gulr\u00f6d oljig v\u00e4tska med en karakteristisk lukt. Den kemiska formeln f\u00f6r metylsalicylat \u00e4r C8H8O3.\",\"breadcrumb\":{\"@id\":\"https:\\\/\\\/masterchem.fi\\\/sv\\\/produkt\\\/metylsalicylat-cas-119-36-8\\\/#breadcrumb\"},\"inLanguage\":\"sv-SE\",\"potentialAction\":[{\"@type\":\"ReadAction\",\"target\":[\"https:\\\/\\\/masterchem.fi\\\/sv\\\/produkt\\\/metylsalicylat-cas-119-36-8\\\/\"]}]},{\"@type\":\"ImageObject\",\"inLanguage\":\"sv-SE\",\"@id\":\"https:\\\/\\\/masterchem.fi\\\/sv\\\/produkt\\\/metylsalicylat-cas-119-36-8\\\/#primaryimage\",\"url\":\"https:\\\/\\\/masterchem.fi\\\/wp-content\\\/uploads\\\/2022\\\/05\\\/Metyylisalisylaatti-CAS-119-36-8-25kg-MasterChem.jpg\",\"contentUrl\":\"https:\\\/\\\/masterchem.fi\\\/wp-content\\\/uploads\\\/2022\\\/05\\\/Metyylisalisylaatti-CAS-119-36-8-25kg-MasterChem.jpg\",\"width\":1000,\"height\":1000,\"caption\":\"Metylsalicylat (CAS 119-36-8)\"},{\"@type\":\"BreadcrumbList\",\"@id\":\"https:\\\/\\\/masterchem.fi\\\/sv\\\/produkt\\\/metylsalicylat-cas-119-36-8\\\/#breadcrumb\",\"itemListElement\":[{\"@type\":\"ListItem\",\"position\":1,\"name\":\"Home\",\"item\":\"https:\\\/\\\/masterchem.fi\\\/sv\\\/\"},{\"@type\":\"ListItem\",\"position\":2,\"name\":\"Butik\",\"item\":\"https:\\\/\\\/masterchem.fi\\\/sv\\\/butik\\\/\"},{\"@type\":\"ListItem\",\"position\":3,\"name\":\"Metylsalicylat (CAS 119-36-8)\"}]},{\"@type\":\"WebSite\",\"@id\":\"https:\\\/\\\/masterchem.fi\\\/sv\\\/#website\",\"url\":\"https:\\\/\\\/masterchem.fi\\\/sv\\\/\",\"name\":\"MasterChem | kemikaalien tuotanto ja myynti\",\"description\":\"kemikaalien tuotanto ja myynti\",\"potentialAction\":[{\"@type\":\"SearchAction\",\"target\":{\"@type\":\"EntryPoint\",\"urlTemplate\":\"https:\\\/\\\/masterchem.fi\\\/sv\\\/?s={search_term_string}\"},\"query-input\":{\"@type\":\"PropertyValueSpecification\",\"valueRequired\":true,\"valueName\":\"search_term_string\"}}],\"inLanguage\":\"sv-SE\"}]}<\/script>\n<!-- \/ Yoast SEO plugin. -->","yoast_head_json":{"title":"Metylsalicylat (CAS 119-36-8) - MasterChem | kemikaalien tuotanto ja myynti","description":"Metylsalicylat \u00e4r en f\u00e4rgl\u00f6s till gulr\u00f6d oljig v\u00e4tska med en karakteristisk lukt. Den kemiska formeln f\u00f6r metylsalicylat \u00e4r C8H8O3.","robots":{"index":"index","follow":"follow","max-snippet":"max-snippet:-1","max-image-preview":"max-image-preview:large","max-video-preview":"max-video-preview:-1"},"canonical":"https:\/\/masterchem.fi\/sv\/produkt\/metylsalicylat-cas-119-36-8\/","og_locale":"sv_SE","og_type":"article","og_title":"Metylsalicylat (CAS 119-36-8) - MasterChem | kemikaalien tuotanto ja myynti","og_description":"Metylsalicylat \u00e4r en f\u00e4rgl\u00f6s till gulr\u00f6d oljig v\u00e4tska med en karakteristisk lukt. Den kemiska formeln f\u00f6r metylsalicylat \u00e4r C8H8O3.","og_url":"https:\/\/masterchem.fi\/sv\/produkt\/metylsalicylat-cas-119-36-8\/","og_site_name":"MasterChem | kemikaalien tuotanto ja myynti","article_modified_time":"2022-05-23T12:22:09+00:00","og_image":[{"width":1000,"height":1000,"url":"https:\/\/masterchem.fi\/wp-content\/uploads\/2022\/05\/Metyylisalisylaatti-CAS-119-36-8-25kg-MasterChem.jpg","type":"image\/jpeg"}],"twitter_card":"summary_large_image","schema":{"@context":"https:\/\/schema.org","@graph":[{"@type":"WebPage","@id":"https:\/\/masterchem.fi\/sv\/produkt\/metylsalicylat-cas-119-36-8\/","url":"https:\/\/masterchem.fi\/sv\/produkt\/metylsalicylat-cas-119-36-8\/","name":"Metylsalicylat (CAS 119-36-8) - MasterChem | kemikaalien tuotanto ja myynti","isPartOf":{"@id":"https:\/\/masterchem.fi\/sv\/#website"},"primaryImageOfPage":{"@id":"https:\/\/masterchem.fi\/sv\/produkt\/metylsalicylat-cas-119-36-8\/#primaryimage"},"image":{"@id":"https:\/\/masterchem.fi\/sv\/produkt\/metylsalicylat-cas-119-36-8\/#primaryimage"},"thumbnailUrl":"https:\/\/masterchem.fi\/wp-content\/uploads\/2022\/05\/Metyylisalisylaatti-CAS-119-36-8-25kg-MasterChem.jpg","datePublished":"2022-05-23T12:17:58+00:00","dateModified":"2022-05-23T12:22:09+00:00","description":"Metylsalicylat \u00e4r en f\u00e4rgl\u00f6s till gulr\u00f6d oljig v\u00e4tska med en karakteristisk lukt. Den kemiska formeln f\u00f6r metylsalicylat \u00e4r C8H8O3.","breadcrumb":{"@id":"https:\/\/masterchem.fi\/sv\/produkt\/metylsalicylat-cas-119-36-8\/#breadcrumb"},"inLanguage":"sv-SE","potentialAction":[{"@type":"ReadAction","target":["https:\/\/masterchem.fi\/sv\/produkt\/metylsalicylat-cas-119-36-8\/"]}]},{"@type":"ImageObject","inLanguage":"sv-SE","@id":"https:\/\/masterchem.fi\/sv\/produkt\/metylsalicylat-cas-119-36-8\/#primaryimage","url":"https:\/\/masterchem.fi\/wp-content\/uploads\/2022\/05\/Metyylisalisylaatti-CAS-119-36-8-25kg-MasterChem.jpg","contentUrl":"https:\/\/masterchem.fi\/wp-content\/uploads\/2022\/05\/Metyylisalisylaatti-CAS-119-36-8-25kg-MasterChem.jpg","width":1000,"height":1000,"caption":"Metylsalicylat (CAS 119-36-8)"},{"@type":"BreadcrumbList","@id":"https:\/\/masterchem.fi\/sv\/produkt\/metylsalicylat-cas-119-36-8\/#breadcrumb","itemListElement":[{"@type":"ListItem","position":1,"name":"Home","item":"https:\/\/masterchem.fi\/sv\/"},{"@type":"ListItem","position":2,"name":"Butik","item":"https:\/\/masterchem.fi\/sv\/butik\/"},{"@type":"ListItem","position":3,"name":"Metylsalicylat (CAS 119-36-8)"}]},{"@type":"WebSite","@id":"https:\/\/masterchem.fi\/sv\/#website","url":"https:\/\/masterchem.fi\/sv\/","name":"MasterChem | kemikaalien tuotanto ja myynti","description":"kemikaalien tuotanto ja myynti","potentialAction":[{"@type":"SearchAction","target":{"@type":"EntryPoint","urlTemplate":"https:\/\/masterchem.fi\/sv\/?s={search_term_string}"},"query-input":{"@type":"PropertyValueSpecification","valueRequired":true,"valueName":"search_term_string"}}],"inLanguage":"sv-SE"}]}},"_links":{"self":[{"href":"https:\/\/masterchem.fi\/sv\/wp-json\/wp\/v2\/product\/9807","targetHints":{"allow":["GET"]}}],"collection":[{"href":"https:\/\/masterchem.fi\/sv\/wp-json\/wp\/v2\/product"}],"about":[{"href":"https:\/\/masterchem.fi\/sv\/wp-json\/wp\/v2\/types\/product"}],"wp:featuredmedia":[{"embeddable":true,"href":"https:\/\/masterchem.fi\/sv\/wp-json\/wp\/v2\/media\/9811"}],"wp:attachment":[{"href":"https:\/\/masterchem.fi\/sv\/wp-json\/wp\/v2\/media?parent=9807"}],"wp:term":[{"taxonomy":"product_brand","embeddable":true,"href":"https:\/\/masterchem.fi\/sv\/wp-json\/wp\/v2\/product_brand?post=9807"},{"taxonomy":"product_cat","embeddable":true,"href":"https:\/\/masterchem.fi\/sv\/wp-json\/wp\/v2\/product_cat?post=9807"},{"taxonomy":"product_tag","embeddable":true,"href":"https:\/\/masterchem.fi\/sv\/wp-json\/wp\/v2\/product_tag?post=9807"}],"curies":[{"name":"wp","href":"https:\/\/api.w.org\/{rel}","templated":true}]}}