{"id":9818,"date":"2022-05-23T15:25:07","date_gmt":"2022-05-23T12:25:08","guid":{"rendered":"https:\/\/masterchem.fi\/?post_type=product&#038;p=9818"},"modified":"2022-05-23T15:28:24","modified_gmt":"2022-05-23T12:28:24","slug":"kalciumpropionat-cas-4075-81-4","status":"publish","type":"product","link":"https:\/\/masterchem.fi\/sv\/produkt\/kalciumpropionat-cas-4075-81-4\/","title":{"rendered":"Kalciumpropionat (CAS 4075-81-4)"},"content":{"rendered":"<p> <strong> Information <\/strong> <\/p>\n<p> Branscher: Foderindustri <br \/>\nCAS-nummer: 4075-81-4 <br \/>\nWE-nummer: 223-795-8 <br \/>\nKemisk formel: (C3H5O2) 2Ca <br \/>\nMolekylvikt: 186,22 g\/mol <br \/>\nTulltaxekod: 29155000 <\/p>\n<p> <strong> Andra fysiska egenskaper <\/strong> <br \/>\npH: 8-9,5 (10 % r-r) <br \/>\nRelativ densitet: 0,995 g\/cm3 (20 \u00b0C) <br \/>\nL\u00f6slighet i vatten: 428 g\/l <\/p>\n","protected":false},"excerpt":{"rendered":"<p> <strong> Kalciumpropionat (CAS 4075-81-4) <\/strong> <\/p>\n<p> Som livsmedelstillsats \u00e4r den listad i Codex Alimentarius under E-nummer 282. Kalciumpropionat anv\u00e4nds som konserveringsmedel i en m\u00e4ngd olika produkter, inklusive: br\u00f6d, andra bakverk, bearbetat k\u00f6tt, vassle och andra mejeriprodukter. Inom jordbruket anv\u00e4nds det bland annat f\u00f6r att f\u00f6rebygga komj\u00f6lksfeber och som tillskott till foder. Propionater hindrar mikrober fr\u00e5n att producera den energi de beh\u00f6ver, som bensoater g\u00f6r. Men till skillnad fr\u00e5n bensoater kr\u00e4ver propionater inte en sur milj\u00f6.<\/p>\n","protected":false},"featured_media":9822,"template":"","meta":[],"product_brand":[],"product_cat":[116,179],"product_tag":[],"class_list":{"0":"post-9818","1":"product","2":"type-product","3":"status-publish","4":"has-post-thumbnail","6":"product_cat-alla-produkter","7":"product_cat-foderindustri","9":"first","10":"outofstock","11":"taxable","12":"shipping-taxable","13":"purchasable","14":"product-type-variable","15":"has-default-attributes","16":"rtwpvg-product"},"yoast_head":"<!-- This site is optimized with the Yoast SEO plugin v27.2 - https:\/\/yoast.com\/product\/yoast-seo-wordpress\/ -->\n<title>Kalciumpropionat (CAS 4075-81-4) - MasterChem | kemikaalien tuotanto ja myynti<\/title>\n<meta name=\"description\" content=\"Som livsmedelstillsats \u00e4r den listad i Codex Alimentarius under nummer E 282.\" \/>\n<meta name=\"robots\" content=\"index, follow, max-snippet:-1, max-image-preview:large, max-video-preview:-1\" \/>\n<link rel=\"canonical\" href=\"https:\/\/masterchem.fi\/sv\/produkt\/kalciumpropionat-cas-4075-81-4\/\" \/>\n<meta property=\"og:locale\" content=\"sv_SE\" \/>\n<meta property=\"og:type\" content=\"article\" \/>\n<meta property=\"og:title\" content=\"Kalciumpropionat (CAS 4075-81-4) - MasterChem | kemikaalien tuotanto ja myynti\" \/>\n<meta property=\"og:description\" content=\"Som livsmedelstillsats \u00e4r den listad i Codex Alimentarius under nummer E 282.\" \/>\n<meta property=\"og:url\" content=\"https:\/\/masterchem.fi\/sv\/produkt\/kalciumpropionat-cas-4075-81-4\/\" \/>\n<meta property=\"og:site_name\" content=\"MasterChem | kemikaalien tuotanto ja myynti\" \/>\n<meta property=\"article:modified_time\" content=\"2022-05-23T12:28:24+00:00\" \/>\n<meta property=\"og:image\" content=\"https:\/\/masterchem.fi\/wp-content\/uploads\/2022\/05\/Kalsiumpropionaatti-CAS-4075-81-4-25kg-MasterChem.jpg\" \/>\n\t<meta property=\"og:image:width\" content=\"1000\" \/>\n\t<meta property=\"og:image:height\" content=\"1000\" \/>\n\t<meta property=\"og:image:type\" content=\"image\/jpeg\" \/>\n<meta name=\"twitter:card\" content=\"summary_large_image\" \/>\n<script type=\"application\/ld+json\" class=\"yoast-schema-graph\">{\"@context\":\"https:\/\/schema.org\",\"@graph\":[{\"@type\":\"WebPage\",\"@id\":\"https:\/\/masterchem.fi\/sv\/produkt\/kalciumpropionat-cas-4075-81-4\/\",\"url\":\"https:\/\/masterchem.fi\/sv\/produkt\/kalciumpropionat-cas-4075-81-4\/\",\"name\":\"Kalciumpropionat (CAS 4075-81-4) - MasterChem | kemikaalien tuotanto ja myynti\",\"isPartOf\":{\"@id\":\"https:\/\/masterchem.fi\/sv\/#website\"},\"primaryImageOfPage\":{\"@id\":\"https:\/\/masterchem.fi\/sv\/produkt\/kalciumpropionat-cas-4075-81-4\/#primaryimage\"},\"image\":{\"@id\":\"https:\/\/masterchem.fi\/sv\/produkt\/kalciumpropionat-cas-4075-81-4\/#primaryimage\"},\"thumbnailUrl\":\"https:\/\/masterchem.fi\/wp-content\/uploads\/2022\/05\/Kalsiumpropionaatti-CAS-4075-81-4-25kg-MasterChem.jpg\",\"datePublished\":\"2022-05-23T12:25:08+00:00\",\"dateModified\":\"2022-05-23T12:28:24+00:00\",\"description\":\"Som livsmedelstillsats \u00e4r den listad i Codex Alimentarius under nummer E 282.\",\"breadcrumb\":{\"@id\":\"https:\/\/masterchem.fi\/sv\/produkt\/kalciumpropionat-cas-4075-81-4\/#breadcrumb\"},\"inLanguage\":\"sv-SE\",\"potentialAction\":[{\"@type\":\"ReadAction\",\"target\":[\"https:\/\/masterchem.fi\/sv\/produkt\/kalciumpropionat-cas-4075-81-4\/\"]}]},{\"@type\":\"ImageObject\",\"inLanguage\":\"sv-SE\",\"@id\":\"https:\/\/masterchem.fi\/sv\/produkt\/kalciumpropionat-cas-4075-81-4\/#primaryimage\",\"url\":\"https:\/\/masterchem.fi\/wp-content\/uploads\/2022\/05\/Kalsiumpropionaatti-CAS-4075-81-4-25kg-MasterChem.jpg\",\"contentUrl\":\"https:\/\/masterchem.fi\/wp-content\/uploads\/2022\/05\/Kalsiumpropionaatti-CAS-4075-81-4-25kg-MasterChem.jpg\",\"width\":1000,\"height\":1000,\"caption\":\"Kalciumpropionat (CAS 4075-81-4)\"},{\"@type\":\"BreadcrumbList\",\"@id\":\"https:\/\/masterchem.fi\/sv\/produkt\/kalciumpropionat-cas-4075-81-4\/#breadcrumb\",\"itemListElement\":[{\"@type\":\"ListItem\",\"position\":1,\"name\":\"Home\",\"item\":\"https:\/\/masterchem.fi\/sv\/\"},{\"@type\":\"ListItem\",\"position\":2,\"name\":\"Butik\",\"item\":\"https:\/\/masterchem.fi\/sv\/butik\/\"},{\"@type\":\"ListItem\",\"position\":3,\"name\":\"Kalciumpropionat (CAS 4075-81-4)\"}]},{\"@type\":\"WebSite\",\"@id\":\"https:\/\/masterchem.fi\/sv\/#website\",\"url\":\"https:\/\/masterchem.fi\/sv\/\",\"name\":\"MasterChem | kemikaalien tuotanto ja myynti\",\"description\":\"kemikaalien tuotanto ja myynti\",\"potentialAction\":[{\"@type\":\"SearchAction\",\"target\":{\"@type\":\"EntryPoint\",\"urlTemplate\":\"https:\/\/masterchem.fi\/sv\/?s={search_term_string}\"},\"query-input\":{\"@type\":\"PropertyValueSpecification\",\"valueRequired\":true,\"valueName\":\"search_term_string\"}}],\"inLanguage\":\"sv-SE\"}]}<\/script>\n<!-- \/ Yoast SEO plugin. -->","yoast_head_json":{"title":"Kalciumpropionat (CAS 4075-81-4) - MasterChem | kemikaalien tuotanto ja myynti","description":"Som livsmedelstillsats \u00e4r den listad i Codex Alimentarius under nummer E 282.","robots":{"index":"index","follow":"follow","max-snippet":"max-snippet:-1","max-image-preview":"max-image-preview:large","max-video-preview":"max-video-preview:-1"},"canonical":"https:\/\/masterchem.fi\/sv\/produkt\/kalciumpropionat-cas-4075-81-4\/","og_locale":"sv_SE","og_type":"article","og_title":"Kalciumpropionat (CAS 4075-81-4) - MasterChem | kemikaalien tuotanto ja myynti","og_description":"Som livsmedelstillsats \u00e4r den listad i Codex Alimentarius under nummer E 282.","og_url":"https:\/\/masterchem.fi\/sv\/produkt\/kalciumpropionat-cas-4075-81-4\/","og_site_name":"MasterChem | kemikaalien tuotanto ja myynti","article_modified_time":"2022-05-23T12:28:24+00:00","og_image":[{"width":1000,"height":1000,"url":"https:\/\/masterchem.fi\/wp-content\/uploads\/2022\/05\/Kalsiumpropionaatti-CAS-4075-81-4-25kg-MasterChem.jpg","type":"image\/jpeg"}],"twitter_card":"summary_large_image","schema":{"@context":"https:\/\/schema.org","@graph":[{"@type":"WebPage","@id":"https:\/\/masterchem.fi\/sv\/produkt\/kalciumpropionat-cas-4075-81-4\/","url":"https:\/\/masterchem.fi\/sv\/produkt\/kalciumpropionat-cas-4075-81-4\/","name":"Kalciumpropionat (CAS 4075-81-4) - MasterChem | kemikaalien tuotanto ja myynti","isPartOf":{"@id":"https:\/\/masterchem.fi\/sv\/#website"},"primaryImageOfPage":{"@id":"https:\/\/masterchem.fi\/sv\/produkt\/kalciumpropionat-cas-4075-81-4\/#primaryimage"},"image":{"@id":"https:\/\/masterchem.fi\/sv\/produkt\/kalciumpropionat-cas-4075-81-4\/#primaryimage"},"thumbnailUrl":"https:\/\/masterchem.fi\/wp-content\/uploads\/2022\/05\/Kalsiumpropionaatti-CAS-4075-81-4-25kg-MasterChem.jpg","datePublished":"2022-05-23T12:25:08+00:00","dateModified":"2022-05-23T12:28:24+00:00","description":"Som livsmedelstillsats \u00e4r den listad i Codex Alimentarius under nummer E 282.","breadcrumb":{"@id":"https:\/\/masterchem.fi\/sv\/produkt\/kalciumpropionat-cas-4075-81-4\/#breadcrumb"},"inLanguage":"sv-SE","potentialAction":[{"@type":"ReadAction","target":["https:\/\/masterchem.fi\/sv\/produkt\/kalciumpropionat-cas-4075-81-4\/"]}]},{"@type":"ImageObject","inLanguage":"sv-SE","@id":"https:\/\/masterchem.fi\/sv\/produkt\/kalciumpropionat-cas-4075-81-4\/#primaryimage","url":"https:\/\/masterchem.fi\/wp-content\/uploads\/2022\/05\/Kalsiumpropionaatti-CAS-4075-81-4-25kg-MasterChem.jpg","contentUrl":"https:\/\/masterchem.fi\/wp-content\/uploads\/2022\/05\/Kalsiumpropionaatti-CAS-4075-81-4-25kg-MasterChem.jpg","width":1000,"height":1000,"caption":"Kalciumpropionat (CAS 4075-81-4)"},{"@type":"BreadcrumbList","@id":"https:\/\/masterchem.fi\/sv\/produkt\/kalciumpropionat-cas-4075-81-4\/#breadcrumb","itemListElement":[{"@type":"ListItem","position":1,"name":"Home","item":"https:\/\/masterchem.fi\/sv\/"},{"@type":"ListItem","position":2,"name":"Butik","item":"https:\/\/masterchem.fi\/sv\/butik\/"},{"@type":"ListItem","position":3,"name":"Kalciumpropionat (CAS 4075-81-4)"}]},{"@type":"WebSite","@id":"https:\/\/masterchem.fi\/sv\/#website","url":"https:\/\/masterchem.fi\/sv\/","name":"MasterChem | kemikaalien tuotanto ja myynti","description":"kemikaalien tuotanto ja myynti","potentialAction":[{"@type":"SearchAction","target":{"@type":"EntryPoint","urlTemplate":"https:\/\/masterchem.fi\/sv\/?s={search_term_string}"},"query-input":{"@type":"PropertyValueSpecification","valueRequired":true,"valueName":"search_term_string"}}],"inLanguage":"sv-SE"}]}},"_links":{"self":[{"href":"https:\/\/masterchem.fi\/sv\/wp-json\/wp\/v2\/product\/9818","targetHints":{"allow":["GET"]}}],"collection":[{"href":"https:\/\/masterchem.fi\/sv\/wp-json\/wp\/v2\/product"}],"about":[{"href":"https:\/\/masterchem.fi\/sv\/wp-json\/wp\/v2\/types\/product"}],"wp:featuredmedia":[{"embeddable":true,"href":"https:\/\/masterchem.fi\/sv\/wp-json\/wp\/v2\/media\/9822"}],"wp:attachment":[{"href":"https:\/\/masterchem.fi\/sv\/wp-json\/wp\/v2\/media?parent=9818"}],"wp:term":[{"taxonomy":"product_brand","embeddable":true,"href":"https:\/\/masterchem.fi\/sv\/wp-json\/wp\/v2\/product_brand?post=9818"},{"taxonomy":"product_cat","embeddable":true,"href":"https:\/\/masterchem.fi\/sv\/wp-json\/wp\/v2\/product_cat?post=9818"},{"taxonomy":"product_tag","embeddable":true,"href":"https:\/\/masterchem.fi\/sv\/wp-json\/wp\/v2\/product_tag?post=9818"}],"curies":[{"name":"wp","href":"https:\/\/api.w.org\/{rel}","templated":true}]}}