{"id":9828,"date":"2022-05-23T15:29:51","date_gmt":"2022-05-23T12:29:51","guid":{"rendered":"https:\/\/masterchem.fi\/?post_type=product&#038;p=9828"},"modified":"2022-05-23T15:33:06","modified_gmt":"2022-05-23T12:33:06","slug":"natriumpropionat-cas-137-40-6","status":"publish","type":"product","link":"https:\/\/masterchem.fi\/sv\/produkt\/natriumpropionat-cas-137-40-6\/","title":{"rendered":"Natriumpropionat (CAS 137-40-6)"},"content":{"rendered":"<p> <strong> Information <\/strong> <\/p>\n<p> Branscher: Foderindustri <br \/>\nCAS-nummer: 137-40-6 <br \/>\nWE-nummer: 205-290-4 <br \/>\nKemisk formel: C3H5O2Na <br \/>\nMolekylvikt: 96,07 g\/mol <\/p>\n<p> <strong> Andra fysiska egenskaper <\/strong> <br \/>\npH: 7,5-10,5 (100 g \/ l w 20 \u00b0 C) <br \/>\nSm\u00e4ltpunkt\/fryspunkt: 285-290 \u00b0C <\/p>\n","protected":false},"excerpt":{"rendered":"<p> <strong> Natriumpropionat (CAS 137-40-6) <\/strong> <\/p>\n<p>Natriumpropanoat eller natriumpropionat \u00e4r natriumsaltet av propionsyra med den kemiska formeln Na (C2H5COO). Denna vita kristallina fasta substans s\u00f6nderdelas i fuktig luft.<\/p>\n<p> Det anv\u00e4nds som livsmedelskonservering och representeras i Europa av livsmedelsetiketten E-nummer E281. det anv\u00e4nds fr\u00e4mst som m\u00f6gelh\u00e4mmare i bageriprodukter. Den \u00e4r godk\u00e4nd f\u00f6r anv\u00e4ndning som livsmedelstillsats i EU, USA och Australien och i Nya Zeeland (d\u00e4r den \u00e4r listad under dess INS-nummer 281). <\/p>\n","protected":false},"featured_media":9832,"template":"","meta":[],"product_brand":[],"product_cat":[179,116],"product_tag":[],"class_list":{"0":"post-9828","1":"product","2":"type-product","3":"status-publish","4":"has-post-thumbnail","6":"product_cat-foderindustri","7":"product_cat-alla-produkter","9":"first","10":"outofstock","11":"taxable","12":"shipping-taxable","13":"purchasable","14":"product-type-variable","15":"has-default-attributes","16":"rtwpvg-product"},"yoast_head":"<!-- This site is optimized with the Yoast SEO plugin v27.2 - https:\/\/yoast.com\/product\/yoast-seo-wordpress\/ -->\n<title>Natriumpropionat (CAS 137-40-6) - MasterChem | kemikaalien tuotanto ja myynti<\/title>\n<meta name=\"description\" content=\"Natriumpropanoat eller natriumpropionat \u00e4r natriumsaltet av propionsyra med den kemiska formeln Na (C2H5COO).\" \/>\n<meta name=\"robots\" content=\"index, follow, max-snippet:-1, max-image-preview:large, max-video-preview:-1\" \/>\n<link rel=\"canonical\" href=\"https:\/\/masterchem.fi\/sv\/produkt\/natriumpropionat-cas-137-40-6\/\" \/>\n<meta property=\"og:locale\" content=\"sv_SE\" \/>\n<meta property=\"og:type\" content=\"article\" \/>\n<meta property=\"og:title\" content=\"Natriumpropionat (CAS 137-40-6) - MasterChem | kemikaalien tuotanto ja myynti\" \/>\n<meta property=\"og:description\" content=\"Natriumpropanoat eller natriumpropionat \u00e4r natriumsaltet av propionsyra med den kemiska formeln Na (C2H5COO).\" \/>\n<meta property=\"og:url\" content=\"https:\/\/masterchem.fi\/sv\/produkt\/natriumpropionat-cas-137-40-6\/\" \/>\n<meta property=\"og:site_name\" content=\"MasterChem | kemikaalien tuotanto ja myynti\" \/>\n<meta property=\"article:modified_time\" content=\"2022-05-23T12:33:06+00:00\" \/>\n<meta property=\"og:image\" content=\"https:\/\/masterchem.fi\/wp-content\/uploads\/2022\/05\/Natriumpropionaatti-CAS-137-40-6-25kg-MasterChem.jpg\" \/>\n\t<meta property=\"og:image:width\" content=\"1000\" \/>\n\t<meta property=\"og:image:height\" content=\"1000\" \/>\n\t<meta property=\"og:image:type\" content=\"image\/jpeg\" \/>\n<meta name=\"twitter:card\" content=\"summary_large_image\" \/>\n<script type=\"application\/ld+json\" class=\"yoast-schema-graph\">{\"@context\":\"https:\/\/schema.org\",\"@graph\":[{\"@type\":\"WebPage\",\"@id\":\"https:\/\/masterchem.fi\/sv\/produkt\/natriumpropionat-cas-137-40-6\/\",\"url\":\"https:\/\/masterchem.fi\/sv\/produkt\/natriumpropionat-cas-137-40-6\/\",\"name\":\"Natriumpropionat (CAS 137-40-6) - MasterChem | kemikaalien tuotanto ja myynti\",\"isPartOf\":{\"@id\":\"https:\/\/masterchem.fi\/sv\/#website\"},\"primaryImageOfPage\":{\"@id\":\"https:\/\/masterchem.fi\/sv\/produkt\/natriumpropionat-cas-137-40-6\/#primaryimage\"},\"image\":{\"@id\":\"https:\/\/masterchem.fi\/sv\/produkt\/natriumpropionat-cas-137-40-6\/#primaryimage\"},\"thumbnailUrl\":\"https:\/\/masterchem.fi\/wp-content\/uploads\/2022\/05\/Natriumpropionaatti-CAS-137-40-6-25kg-MasterChem.jpg\",\"datePublished\":\"2022-05-23T12:29:51+00:00\",\"dateModified\":\"2022-05-23T12:33:06+00:00\",\"description\":\"Natriumpropanoat eller natriumpropionat \u00e4r natriumsaltet av propionsyra med den kemiska formeln Na (C2H5COO).\",\"breadcrumb\":{\"@id\":\"https:\/\/masterchem.fi\/sv\/produkt\/natriumpropionat-cas-137-40-6\/#breadcrumb\"},\"inLanguage\":\"sv-SE\",\"potentialAction\":[{\"@type\":\"ReadAction\",\"target\":[\"https:\/\/masterchem.fi\/sv\/produkt\/natriumpropionat-cas-137-40-6\/\"]}]},{\"@type\":\"ImageObject\",\"inLanguage\":\"sv-SE\",\"@id\":\"https:\/\/masterchem.fi\/sv\/produkt\/natriumpropionat-cas-137-40-6\/#primaryimage\",\"url\":\"https:\/\/masterchem.fi\/wp-content\/uploads\/2022\/05\/Natriumpropionaatti-CAS-137-40-6-25kg-MasterChem.jpg\",\"contentUrl\":\"https:\/\/masterchem.fi\/wp-content\/uploads\/2022\/05\/Natriumpropionaatti-CAS-137-40-6-25kg-MasterChem.jpg\",\"width\":1000,\"height\":1000,\"caption\":\"Natriumpropionat (CAS 137-40-6)\"},{\"@type\":\"BreadcrumbList\",\"@id\":\"https:\/\/masterchem.fi\/sv\/produkt\/natriumpropionat-cas-137-40-6\/#breadcrumb\",\"itemListElement\":[{\"@type\":\"ListItem\",\"position\":1,\"name\":\"Home\",\"item\":\"https:\/\/masterchem.fi\/sv\/\"},{\"@type\":\"ListItem\",\"position\":2,\"name\":\"Butik\",\"item\":\"https:\/\/masterchem.fi\/sv\/butik\/\"},{\"@type\":\"ListItem\",\"position\":3,\"name\":\"Natriumpropionat (CAS 137-40-6)\"}]},{\"@type\":\"WebSite\",\"@id\":\"https:\/\/masterchem.fi\/sv\/#website\",\"url\":\"https:\/\/masterchem.fi\/sv\/\",\"name\":\"MasterChem | kemikaalien tuotanto ja myynti\",\"description\":\"kemikaalien tuotanto ja myynti\",\"potentialAction\":[{\"@type\":\"SearchAction\",\"target\":{\"@type\":\"EntryPoint\",\"urlTemplate\":\"https:\/\/masterchem.fi\/sv\/?s={search_term_string}\"},\"query-input\":{\"@type\":\"PropertyValueSpecification\",\"valueRequired\":true,\"valueName\":\"search_term_string\"}}],\"inLanguage\":\"sv-SE\"}]}<\/script>\n<!-- \/ Yoast SEO plugin. -->","yoast_head_json":{"title":"Natriumpropionat (CAS 137-40-6) - MasterChem | kemikaalien tuotanto ja myynti","description":"Natriumpropanoat eller natriumpropionat \u00e4r natriumsaltet av propionsyra med den kemiska formeln Na (C2H5COO).","robots":{"index":"index","follow":"follow","max-snippet":"max-snippet:-1","max-image-preview":"max-image-preview:large","max-video-preview":"max-video-preview:-1"},"canonical":"https:\/\/masterchem.fi\/sv\/produkt\/natriumpropionat-cas-137-40-6\/","og_locale":"sv_SE","og_type":"article","og_title":"Natriumpropionat (CAS 137-40-6) - MasterChem | kemikaalien tuotanto ja myynti","og_description":"Natriumpropanoat eller natriumpropionat \u00e4r natriumsaltet av propionsyra med den kemiska formeln Na (C2H5COO).","og_url":"https:\/\/masterchem.fi\/sv\/produkt\/natriumpropionat-cas-137-40-6\/","og_site_name":"MasterChem | kemikaalien tuotanto ja myynti","article_modified_time":"2022-05-23T12:33:06+00:00","og_image":[{"width":1000,"height":1000,"url":"https:\/\/masterchem.fi\/wp-content\/uploads\/2022\/05\/Natriumpropionaatti-CAS-137-40-6-25kg-MasterChem.jpg","type":"image\/jpeg"}],"twitter_card":"summary_large_image","schema":{"@context":"https:\/\/schema.org","@graph":[{"@type":"WebPage","@id":"https:\/\/masterchem.fi\/sv\/produkt\/natriumpropionat-cas-137-40-6\/","url":"https:\/\/masterchem.fi\/sv\/produkt\/natriumpropionat-cas-137-40-6\/","name":"Natriumpropionat (CAS 137-40-6) - MasterChem | kemikaalien tuotanto ja myynti","isPartOf":{"@id":"https:\/\/masterchem.fi\/sv\/#website"},"primaryImageOfPage":{"@id":"https:\/\/masterchem.fi\/sv\/produkt\/natriumpropionat-cas-137-40-6\/#primaryimage"},"image":{"@id":"https:\/\/masterchem.fi\/sv\/produkt\/natriumpropionat-cas-137-40-6\/#primaryimage"},"thumbnailUrl":"https:\/\/masterchem.fi\/wp-content\/uploads\/2022\/05\/Natriumpropionaatti-CAS-137-40-6-25kg-MasterChem.jpg","datePublished":"2022-05-23T12:29:51+00:00","dateModified":"2022-05-23T12:33:06+00:00","description":"Natriumpropanoat eller natriumpropionat \u00e4r natriumsaltet av propionsyra med den kemiska formeln Na (C2H5COO).","breadcrumb":{"@id":"https:\/\/masterchem.fi\/sv\/produkt\/natriumpropionat-cas-137-40-6\/#breadcrumb"},"inLanguage":"sv-SE","potentialAction":[{"@type":"ReadAction","target":["https:\/\/masterchem.fi\/sv\/produkt\/natriumpropionat-cas-137-40-6\/"]}]},{"@type":"ImageObject","inLanguage":"sv-SE","@id":"https:\/\/masterchem.fi\/sv\/produkt\/natriumpropionat-cas-137-40-6\/#primaryimage","url":"https:\/\/masterchem.fi\/wp-content\/uploads\/2022\/05\/Natriumpropionaatti-CAS-137-40-6-25kg-MasterChem.jpg","contentUrl":"https:\/\/masterchem.fi\/wp-content\/uploads\/2022\/05\/Natriumpropionaatti-CAS-137-40-6-25kg-MasterChem.jpg","width":1000,"height":1000,"caption":"Natriumpropionat (CAS 137-40-6)"},{"@type":"BreadcrumbList","@id":"https:\/\/masterchem.fi\/sv\/produkt\/natriumpropionat-cas-137-40-6\/#breadcrumb","itemListElement":[{"@type":"ListItem","position":1,"name":"Home","item":"https:\/\/masterchem.fi\/sv\/"},{"@type":"ListItem","position":2,"name":"Butik","item":"https:\/\/masterchem.fi\/sv\/butik\/"},{"@type":"ListItem","position":3,"name":"Natriumpropionat (CAS 137-40-6)"}]},{"@type":"WebSite","@id":"https:\/\/masterchem.fi\/sv\/#website","url":"https:\/\/masterchem.fi\/sv\/","name":"MasterChem | kemikaalien tuotanto ja myynti","description":"kemikaalien tuotanto ja myynti","potentialAction":[{"@type":"SearchAction","target":{"@type":"EntryPoint","urlTemplate":"https:\/\/masterchem.fi\/sv\/?s={search_term_string}"},"query-input":{"@type":"PropertyValueSpecification","valueRequired":true,"valueName":"search_term_string"}}],"inLanguage":"sv-SE"}]}},"_links":{"self":[{"href":"https:\/\/masterchem.fi\/sv\/wp-json\/wp\/v2\/product\/9828","targetHints":{"allow":["GET"]}}],"collection":[{"href":"https:\/\/masterchem.fi\/sv\/wp-json\/wp\/v2\/product"}],"about":[{"href":"https:\/\/masterchem.fi\/sv\/wp-json\/wp\/v2\/types\/product"}],"wp:featuredmedia":[{"embeddable":true,"href":"https:\/\/masterchem.fi\/sv\/wp-json\/wp\/v2\/media\/9832"}],"wp:attachment":[{"href":"https:\/\/masterchem.fi\/sv\/wp-json\/wp\/v2\/media?parent=9828"}],"wp:term":[{"taxonomy":"product_brand","embeddable":true,"href":"https:\/\/masterchem.fi\/sv\/wp-json\/wp\/v2\/product_brand?post=9828"},{"taxonomy":"product_cat","embeddable":true,"href":"https:\/\/masterchem.fi\/sv\/wp-json\/wp\/v2\/product_cat?post=9828"},{"taxonomy":"product_tag","embeddable":true,"href":"https:\/\/masterchem.fi\/sv\/wp-json\/wp\/v2\/product_tag?post=9828"}],"curies":[{"name":"wp","href":"https:\/\/api.w.org\/{rel}","templated":true}]}}