{"id":9838,"date":"2022-05-23T15:42:17","date_gmt":"2022-05-23T12:42:18","guid":{"rendered":"https:\/\/masterchem.fi\/?post_type=product&#038;p=9838"},"modified":"2022-05-23T15:45:52","modified_gmt":"2022-05-23T12:45:52","slug":"isopropylpalmitat-cas-142-91-6","status":"publish","type":"product","link":"https:\/\/masterchem.fi\/sv\/produkt\/isopropylpalmitat-cas-142-91-6\/","title":{"rendered":"Isopropylpalmitat (CAS 142-91-6)"},"content":{"rendered":"<p> <strong> Information <\/strong> <\/p>\n<p> Branscher: Kosmetisk industri, Foderindustri <br \/>\nCAS-nummer: 142-91-6 <br \/>\nWE-nummer: 205-571-1 <br \/>\nKemisk formel: C19H38O2 <br \/>\nMolmassa: 298,5 g\/mol <br \/>\nTulltaxekod: 29157040 <\/p>\n<p> <strong> Andra fysiska egenskaper <\/strong> <br \/>\nSm\u00e4ltpunkt: 12 \u00b0C <br \/>\nKokpunkt\/intervall: 300 \u00b0C (760 mmHg) <br \/>\nRelativ densitet: 0,852 &#8211; 0,854 g\/cm3 (20 \u00b0C) <\/p>\n","protected":false},"excerpt":{"rendered":"<p> <strong> Isopropylpalmitat (CAS 142-91-6) <\/strong> <\/p>\n<p>Isopropylpalmitat \u00e4r en fettsyraester som erh\u00e5lls genom formell kondensation av karboxigruppen i palmitinsyra med propan-2-ol. Metabolit observerad i cancermetabolism. Det har en roll som en m\u00e4nsklig metabolit. Det \u00e4r en fettsyraester och en isopropylester. Den h\u00e4rr\u00f6r fr\u00e5n en hexadekansyra. Den kemiska formeln \u00e4r CH3 (CH2) 14COOCH (CH3) 2. <\/p>\n","protected":false},"featured_media":9842,"template":"","meta":[],"product_brand":[],"product_cat":[179,116,177],"product_tag":[],"class_list":{"0":"post-9838","1":"product","2":"type-product","3":"status-publish","4":"has-post-thumbnail","6":"product_cat-foderindustri","7":"product_cat-alla-produkter","8":"product_cat-kosmetikindustrin","10":"first","11":"outofstock","12":"taxable","13":"shipping-taxable","14":"purchasable","15":"product-type-variable","16":"has-default-attributes","17":"rtwpvg-product"},"yoast_head":"<!-- This site is optimized with the Yoast SEO plugin v27.2 - https:\/\/yoast.com\/product\/yoast-seo-wordpress\/ -->\n<title>Isopropylpalmitat (CAS 142-91-6) - MasterChem | kemikaalien tuotanto ja myynti<\/title>\n<meta name=\"description\" content=\"Isopropylpalmitat \u00e4r en fettsyraester som erh\u00e5lls genom formell kondensation av karboxigruppen i palmitinsyra med propan-2-ol.\" \/>\n<meta name=\"robots\" content=\"index, follow, max-snippet:-1, max-image-preview:large, max-video-preview:-1\" \/>\n<link rel=\"canonical\" href=\"https:\/\/masterchem.fi\/sv\/produkt\/isopropylpalmitat-cas-142-91-6\/\" \/>\n<meta property=\"og:locale\" content=\"sv_SE\" \/>\n<meta property=\"og:type\" content=\"article\" \/>\n<meta property=\"og:title\" content=\"Isopropylpalmitat (CAS 142-91-6) - MasterChem | kemikaalien tuotanto ja myynti\" \/>\n<meta property=\"og:description\" content=\"Isopropylpalmitat \u00e4r en fettsyraester som erh\u00e5lls genom formell kondensation av karboxigruppen i palmitinsyra med propan-2-ol.\" \/>\n<meta property=\"og:url\" content=\"https:\/\/masterchem.fi\/sv\/produkt\/isopropylpalmitat-cas-142-91-6\/\" \/>\n<meta property=\"og:site_name\" content=\"MasterChem | kemikaalien tuotanto ja myynti\" \/>\n<meta property=\"article:modified_time\" content=\"2022-05-23T12:45:52+00:00\" \/>\n<meta property=\"og:image\" content=\"https:\/\/masterchem.fi\/wp-content\/uploads\/2022\/05\/Isopropyl-palmitate-CAS-142-91-6-25kg-MasterChem.jpg\" \/>\n\t<meta property=\"og:image:width\" content=\"1000\" \/>\n\t<meta property=\"og:image:height\" content=\"1000\" \/>\n\t<meta property=\"og:image:type\" content=\"image\/jpeg\" \/>\n<meta name=\"twitter:card\" content=\"summary_large_image\" \/>\n<script type=\"application\/ld+json\" class=\"yoast-schema-graph\">{\"@context\":\"https:\/\/schema.org\",\"@graph\":[{\"@type\":\"WebPage\",\"@id\":\"https:\/\/masterchem.fi\/sv\/produkt\/isopropylpalmitat-cas-142-91-6\/\",\"url\":\"https:\/\/masterchem.fi\/sv\/produkt\/isopropylpalmitat-cas-142-91-6\/\",\"name\":\"Isopropylpalmitat (CAS 142-91-6) - MasterChem | kemikaalien tuotanto ja myynti\",\"isPartOf\":{\"@id\":\"https:\/\/masterchem.fi\/sv\/#website\"},\"primaryImageOfPage\":{\"@id\":\"https:\/\/masterchem.fi\/sv\/produkt\/isopropylpalmitat-cas-142-91-6\/#primaryimage\"},\"image\":{\"@id\":\"https:\/\/masterchem.fi\/sv\/produkt\/isopropylpalmitat-cas-142-91-6\/#primaryimage\"},\"thumbnailUrl\":\"https:\/\/masterchem.fi\/wp-content\/uploads\/2022\/05\/Isopropyl-palmitate-CAS-142-91-6-25kg-MasterChem.jpg\",\"datePublished\":\"2022-05-23T12:42:18+00:00\",\"dateModified\":\"2022-05-23T12:45:52+00:00\",\"description\":\"Isopropylpalmitat \u00e4r en fettsyraester som erh\u00e5lls genom formell kondensation av karboxigruppen i palmitinsyra med propan-2-ol.\",\"breadcrumb\":{\"@id\":\"https:\/\/masterchem.fi\/sv\/produkt\/isopropylpalmitat-cas-142-91-6\/#breadcrumb\"},\"inLanguage\":\"sv-SE\",\"potentialAction\":[{\"@type\":\"ReadAction\",\"target\":[\"https:\/\/masterchem.fi\/sv\/produkt\/isopropylpalmitat-cas-142-91-6\/\"]}]},{\"@type\":\"ImageObject\",\"inLanguage\":\"sv-SE\",\"@id\":\"https:\/\/masterchem.fi\/sv\/produkt\/isopropylpalmitat-cas-142-91-6\/#primaryimage\",\"url\":\"https:\/\/masterchem.fi\/wp-content\/uploads\/2022\/05\/Isopropyl-palmitate-CAS-142-91-6-25kg-MasterChem.jpg\",\"contentUrl\":\"https:\/\/masterchem.fi\/wp-content\/uploads\/2022\/05\/Isopropyl-palmitate-CAS-142-91-6-25kg-MasterChem.jpg\",\"width\":1000,\"height\":1000,\"caption\":\"Isopropylpalmitat (CAS 142-91-6)\"},{\"@type\":\"BreadcrumbList\",\"@id\":\"https:\/\/masterchem.fi\/sv\/produkt\/isopropylpalmitat-cas-142-91-6\/#breadcrumb\",\"itemListElement\":[{\"@type\":\"ListItem\",\"position\":1,\"name\":\"Home\",\"item\":\"https:\/\/masterchem.fi\/sv\/\"},{\"@type\":\"ListItem\",\"position\":2,\"name\":\"Butik\",\"item\":\"https:\/\/masterchem.fi\/sv\/butik\/\"},{\"@type\":\"ListItem\",\"position\":3,\"name\":\"Isopropylpalmitat (CAS 142-91-6)\"}]},{\"@type\":\"WebSite\",\"@id\":\"https:\/\/masterchem.fi\/sv\/#website\",\"url\":\"https:\/\/masterchem.fi\/sv\/\",\"name\":\"MasterChem | kemikaalien tuotanto ja myynti\",\"description\":\"kemikaalien tuotanto ja myynti\",\"potentialAction\":[{\"@type\":\"SearchAction\",\"target\":{\"@type\":\"EntryPoint\",\"urlTemplate\":\"https:\/\/masterchem.fi\/sv\/?s={search_term_string}\"},\"query-input\":{\"@type\":\"PropertyValueSpecification\",\"valueRequired\":true,\"valueName\":\"search_term_string\"}}],\"inLanguage\":\"sv-SE\"}]}<\/script>\n<!-- \/ Yoast SEO plugin. -->","yoast_head_json":{"title":"Isopropylpalmitat (CAS 142-91-6) - MasterChem | kemikaalien tuotanto ja myynti","description":"Isopropylpalmitat \u00e4r en fettsyraester som erh\u00e5lls genom formell kondensation av karboxigruppen i palmitinsyra med propan-2-ol.","robots":{"index":"index","follow":"follow","max-snippet":"max-snippet:-1","max-image-preview":"max-image-preview:large","max-video-preview":"max-video-preview:-1"},"canonical":"https:\/\/masterchem.fi\/sv\/produkt\/isopropylpalmitat-cas-142-91-6\/","og_locale":"sv_SE","og_type":"article","og_title":"Isopropylpalmitat (CAS 142-91-6) - MasterChem | kemikaalien tuotanto ja myynti","og_description":"Isopropylpalmitat \u00e4r en fettsyraester som erh\u00e5lls genom formell kondensation av karboxigruppen i palmitinsyra med propan-2-ol.","og_url":"https:\/\/masterchem.fi\/sv\/produkt\/isopropylpalmitat-cas-142-91-6\/","og_site_name":"MasterChem | kemikaalien tuotanto ja myynti","article_modified_time":"2022-05-23T12:45:52+00:00","og_image":[{"width":1000,"height":1000,"url":"https:\/\/masterchem.fi\/wp-content\/uploads\/2022\/05\/Isopropyl-palmitate-CAS-142-91-6-25kg-MasterChem.jpg","type":"image\/jpeg"}],"twitter_card":"summary_large_image","schema":{"@context":"https:\/\/schema.org","@graph":[{"@type":"WebPage","@id":"https:\/\/masterchem.fi\/sv\/produkt\/isopropylpalmitat-cas-142-91-6\/","url":"https:\/\/masterchem.fi\/sv\/produkt\/isopropylpalmitat-cas-142-91-6\/","name":"Isopropylpalmitat (CAS 142-91-6) - MasterChem | kemikaalien tuotanto ja myynti","isPartOf":{"@id":"https:\/\/masterchem.fi\/sv\/#website"},"primaryImageOfPage":{"@id":"https:\/\/masterchem.fi\/sv\/produkt\/isopropylpalmitat-cas-142-91-6\/#primaryimage"},"image":{"@id":"https:\/\/masterchem.fi\/sv\/produkt\/isopropylpalmitat-cas-142-91-6\/#primaryimage"},"thumbnailUrl":"https:\/\/masterchem.fi\/wp-content\/uploads\/2022\/05\/Isopropyl-palmitate-CAS-142-91-6-25kg-MasterChem.jpg","datePublished":"2022-05-23T12:42:18+00:00","dateModified":"2022-05-23T12:45:52+00:00","description":"Isopropylpalmitat \u00e4r en fettsyraester som erh\u00e5lls genom formell kondensation av karboxigruppen i palmitinsyra med propan-2-ol.","breadcrumb":{"@id":"https:\/\/masterchem.fi\/sv\/produkt\/isopropylpalmitat-cas-142-91-6\/#breadcrumb"},"inLanguage":"sv-SE","potentialAction":[{"@type":"ReadAction","target":["https:\/\/masterchem.fi\/sv\/produkt\/isopropylpalmitat-cas-142-91-6\/"]}]},{"@type":"ImageObject","inLanguage":"sv-SE","@id":"https:\/\/masterchem.fi\/sv\/produkt\/isopropylpalmitat-cas-142-91-6\/#primaryimage","url":"https:\/\/masterchem.fi\/wp-content\/uploads\/2022\/05\/Isopropyl-palmitate-CAS-142-91-6-25kg-MasterChem.jpg","contentUrl":"https:\/\/masterchem.fi\/wp-content\/uploads\/2022\/05\/Isopropyl-palmitate-CAS-142-91-6-25kg-MasterChem.jpg","width":1000,"height":1000,"caption":"Isopropylpalmitat (CAS 142-91-6)"},{"@type":"BreadcrumbList","@id":"https:\/\/masterchem.fi\/sv\/produkt\/isopropylpalmitat-cas-142-91-6\/#breadcrumb","itemListElement":[{"@type":"ListItem","position":1,"name":"Home","item":"https:\/\/masterchem.fi\/sv\/"},{"@type":"ListItem","position":2,"name":"Butik","item":"https:\/\/masterchem.fi\/sv\/butik\/"},{"@type":"ListItem","position":3,"name":"Isopropylpalmitat (CAS 142-91-6)"}]},{"@type":"WebSite","@id":"https:\/\/masterchem.fi\/sv\/#website","url":"https:\/\/masterchem.fi\/sv\/","name":"MasterChem | kemikaalien tuotanto ja myynti","description":"kemikaalien tuotanto ja myynti","potentialAction":[{"@type":"SearchAction","target":{"@type":"EntryPoint","urlTemplate":"https:\/\/masterchem.fi\/sv\/?s={search_term_string}"},"query-input":{"@type":"PropertyValueSpecification","valueRequired":true,"valueName":"search_term_string"}}],"inLanguage":"sv-SE"}]}},"_links":{"self":[{"href":"https:\/\/masterchem.fi\/sv\/wp-json\/wp\/v2\/product\/9838","targetHints":{"allow":["GET"]}}],"collection":[{"href":"https:\/\/masterchem.fi\/sv\/wp-json\/wp\/v2\/product"}],"about":[{"href":"https:\/\/masterchem.fi\/sv\/wp-json\/wp\/v2\/types\/product"}],"wp:featuredmedia":[{"embeddable":true,"href":"https:\/\/masterchem.fi\/sv\/wp-json\/wp\/v2\/media\/9842"}],"wp:attachment":[{"href":"https:\/\/masterchem.fi\/sv\/wp-json\/wp\/v2\/media?parent=9838"}],"wp:term":[{"taxonomy":"product_brand","embeddable":true,"href":"https:\/\/masterchem.fi\/sv\/wp-json\/wp\/v2\/product_brand?post=9838"},{"taxonomy":"product_cat","embeddable":true,"href":"https:\/\/masterchem.fi\/sv\/wp-json\/wp\/v2\/product_cat?post=9838"},{"taxonomy":"product_tag","embeddable":true,"href":"https:\/\/masterchem.fi\/sv\/wp-json\/wp\/v2\/product_tag?post=9838"}],"curies":[{"name":"wp","href":"https:\/\/api.w.org\/{rel}","templated":true}]}}