{"id":9848,"date":"2022-05-23T15:47:37","date_gmt":"2022-05-23T12:47:38","guid":{"rendered":"https:\/\/masterchem.fi\/?post_type=product&#038;p=9848"},"modified":"2022-05-23T15:50:25","modified_gmt":"2022-05-23T12:50:25","slug":"askorbylpalmitat-cas-137-66-6","status":"publish","type":"product","link":"https:\/\/masterchem.fi\/sv\/produkt\/askorbylpalmitat-cas-137-66-6\/","title":{"rendered":"Askorbylpalmitat (CAS 137-66-6)"},"content":{"rendered":"<p> <strong> Information <\/strong> <\/p>\n<p> Branscher: Kosmetikindustri, foderindustri <br \/>\nCAS-nummer: 137-66-6 <br \/>\nWE-nummer: 205-305-4 <br \/>\nKemisk formel: C22H38O7 <br \/>\nMolekylvikt: 414,53 g\/mol <br \/>\nTariffkod: 29362700 <\/p>\n<p> <strong> Andra fysiska egenskaper <\/strong> <br \/>\nSm\u00e4ltpunkt \/ fryspunkt: 116 \u00b0 C <\/p>\n","protected":false},"excerpt":{"rendered":"<p> <strong> Ascorbyl Palmitate (CAS 137-66-6) <\/strong> <\/p>\n<p> Askorbylpalmitat \u00e4r en ester av askorbinsyra och palmitinsyra som bildar den fettl\u00f6sliga formen av C-vitamin. F\u00f6rutom k\u00e4llan till C-vitamin anv\u00e4nds det \u00e4ven som en antioxidant livsmedelstillsats (E-nummer E304). ). Den \u00e4r godk\u00e4nd f\u00f6r anv\u00e4ndning som livsmedelstillsats i EU, USA, Kanada, Australien och Nya Zeeland. <\/p>\n<p> Askorbylpalmitat marknadsf\u00f6rs ocks\u00e5 som &#8220;vitamin C-ester&#8221;. Det syntetiseras genom acylering av vitamin C med hj\u00e4lp av olika acyldonatorer.<\/p>\n","protected":false},"featured_media":9852,"template":"","meta":[],"product_brand":[],"product_cat":[177,179,116],"product_tag":[],"class_list":{"0":"post-9848","1":"product","2":"type-product","3":"status-publish","4":"has-post-thumbnail","6":"product_cat-kosmetikindustrin","7":"product_cat-foderindustri","8":"product_cat-alla-produkter","10":"first","11":"outofstock","12":"taxable","13":"shipping-taxable","14":"purchasable","15":"product-type-variable","16":"has-default-attributes","17":"rtwpvg-product"},"yoast_head":"<!-- This site is optimized with the Yoast SEO plugin v27.2 - https:\/\/yoast.com\/product\/yoast-seo-wordpress\/ -->\n<title>Askorbylpalmitat (CAS 137-66-6) - MasterChem | kemikaalien tuotanto ja myynti<\/title>\n<meta name=\"description\" content=\"Askorbylpalmitat \u00e4r en ester av askorbinsyra och palmitinsyra som bildar den fettl\u00f6sliga formen av C-vitamin.\" \/>\n<meta name=\"robots\" content=\"index, follow, max-snippet:-1, max-image-preview:large, max-video-preview:-1\" \/>\n<link rel=\"canonical\" href=\"https:\/\/masterchem.fi\/sv\/produkt\/askorbylpalmitat-cas-137-66-6\/\" \/>\n<meta property=\"og:locale\" content=\"sv_SE\" \/>\n<meta property=\"og:type\" content=\"article\" \/>\n<meta property=\"og:title\" content=\"Askorbylpalmitat (CAS 137-66-6) - MasterChem | kemikaalien tuotanto ja myynti\" \/>\n<meta property=\"og:description\" content=\"Askorbylpalmitat \u00e4r en ester av askorbinsyra och palmitinsyra som bildar den fettl\u00f6sliga formen av C-vitamin.\" \/>\n<meta property=\"og:url\" content=\"https:\/\/masterchem.fi\/sv\/produkt\/askorbylpalmitat-cas-137-66-6\/\" \/>\n<meta property=\"og:site_name\" content=\"MasterChem | kemikaalien tuotanto ja myynti\" \/>\n<meta property=\"article:modified_time\" content=\"2022-05-23T12:50:25+00:00\" \/>\n<meta property=\"og:image\" content=\"https:\/\/masterchem.fi\/wp-content\/uploads\/2022\/05\/Askorbyylipalmitaatti-CAS-137-66-6-25kg-MasterChem.jpg\" \/>\n\t<meta property=\"og:image:width\" content=\"1000\" \/>\n\t<meta property=\"og:image:height\" content=\"1000\" \/>\n\t<meta property=\"og:image:type\" content=\"image\/jpeg\" \/>\n<meta name=\"twitter:card\" content=\"summary_large_image\" \/>\n<script type=\"application\/ld+json\" class=\"yoast-schema-graph\">{\"@context\":\"https:\/\/schema.org\",\"@graph\":[{\"@type\":\"WebPage\",\"@id\":\"https:\/\/masterchem.fi\/sv\/produkt\/askorbylpalmitat-cas-137-66-6\/\",\"url\":\"https:\/\/masterchem.fi\/sv\/produkt\/askorbylpalmitat-cas-137-66-6\/\",\"name\":\"Askorbylpalmitat (CAS 137-66-6) - MasterChem | kemikaalien tuotanto ja myynti\",\"isPartOf\":{\"@id\":\"https:\/\/masterchem.fi\/sv\/#website\"},\"primaryImageOfPage\":{\"@id\":\"https:\/\/masterchem.fi\/sv\/produkt\/askorbylpalmitat-cas-137-66-6\/#primaryimage\"},\"image\":{\"@id\":\"https:\/\/masterchem.fi\/sv\/produkt\/askorbylpalmitat-cas-137-66-6\/#primaryimage\"},\"thumbnailUrl\":\"https:\/\/masterchem.fi\/wp-content\/uploads\/2022\/05\/Askorbyylipalmitaatti-CAS-137-66-6-25kg-MasterChem.jpg\",\"datePublished\":\"2022-05-23T12:47:38+00:00\",\"dateModified\":\"2022-05-23T12:50:25+00:00\",\"description\":\"Askorbylpalmitat \u00e4r en ester av askorbinsyra och palmitinsyra som bildar den fettl\u00f6sliga formen av C-vitamin.\",\"breadcrumb\":{\"@id\":\"https:\/\/masterchem.fi\/sv\/produkt\/askorbylpalmitat-cas-137-66-6\/#breadcrumb\"},\"inLanguage\":\"sv-SE\",\"potentialAction\":[{\"@type\":\"ReadAction\",\"target\":[\"https:\/\/masterchem.fi\/sv\/produkt\/askorbylpalmitat-cas-137-66-6\/\"]}]},{\"@type\":\"ImageObject\",\"inLanguage\":\"sv-SE\",\"@id\":\"https:\/\/masterchem.fi\/sv\/produkt\/askorbylpalmitat-cas-137-66-6\/#primaryimage\",\"url\":\"https:\/\/masterchem.fi\/wp-content\/uploads\/2022\/05\/Askorbyylipalmitaatti-CAS-137-66-6-25kg-MasterChem.jpg\",\"contentUrl\":\"https:\/\/masterchem.fi\/wp-content\/uploads\/2022\/05\/Askorbyylipalmitaatti-CAS-137-66-6-25kg-MasterChem.jpg\",\"width\":1000,\"height\":1000,\"caption\":\"Askorbylpalmitat (CAS 137-66-6)\"},{\"@type\":\"BreadcrumbList\",\"@id\":\"https:\/\/masterchem.fi\/sv\/produkt\/askorbylpalmitat-cas-137-66-6\/#breadcrumb\",\"itemListElement\":[{\"@type\":\"ListItem\",\"position\":1,\"name\":\"Home\",\"item\":\"https:\/\/masterchem.fi\/sv\/\"},{\"@type\":\"ListItem\",\"position\":2,\"name\":\"Butik\",\"item\":\"https:\/\/masterchem.fi\/sv\/butik\/\"},{\"@type\":\"ListItem\",\"position\":3,\"name\":\"Askorbylpalmitat (CAS 137-66-6)\"}]},{\"@type\":\"WebSite\",\"@id\":\"https:\/\/masterchem.fi\/sv\/#website\",\"url\":\"https:\/\/masterchem.fi\/sv\/\",\"name\":\"MasterChem | kemikaalien tuotanto ja myynti\",\"description\":\"kemikaalien tuotanto ja myynti\",\"potentialAction\":[{\"@type\":\"SearchAction\",\"target\":{\"@type\":\"EntryPoint\",\"urlTemplate\":\"https:\/\/masterchem.fi\/sv\/?s={search_term_string}\"},\"query-input\":{\"@type\":\"PropertyValueSpecification\",\"valueRequired\":true,\"valueName\":\"search_term_string\"}}],\"inLanguage\":\"sv-SE\"}]}<\/script>\n<!-- \/ Yoast SEO plugin. -->","yoast_head_json":{"title":"Askorbylpalmitat (CAS 137-66-6) - MasterChem | kemikaalien tuotanto ja myynti","description":"Askorbylpalmitat \u00e4r en ester av askorbinsyra och palmitinsyra som bildar den fettl\u00f6sliga formen av C-vitamin.","robots":{"index":"index","follow":"follow","max-snippet":"max-snippet:-1","max-image-preview":"max-image-preview:large","max-video-preview":"max-video-preview:-1"},"canonical":"https:\/\/masterchem.fi\/sv\/produkt\/askorbylpalmitat-cas-137-66-6\/","og_locale":"sv_SE","og_type":"article","og_title":"Askorbylpalmitat (CAS 137-66-6) - MasterChem | kemikaalien tuotanto ja myynti","og_description":"Askorbylpalmitat \u00e4r en ester av askorbinsyra och palmitinsyra som bildar den fettl\u00f6sliga formen av C-vitamin.","og_url":"https:\/\/masterchem.fi\/sv\/produkt\/askorbylpalmitat-cas-137-66-6\/","og_site_name":"MasterChem | kemikaalien tuotanto ja myynti","article_modified_time":"2022-05-23T12:50:25+00:00","og_image":[{"width":1000,"height":1000,"url":"https:\/\/masterchem.fi\/wp-content\/uploads\/2022\/05\/Askorbyylipalmitaatti-CAS-137-66-6-25kg-MasterChem.jpg","type":"image\/jpeg"}],"twitter_card":"summary_large_image","schema":{"@context":"https:\/\/schema.org","@graph":[{"@type":"WebPage","@id":"https:\/\/masterchem.fi\/sv\/produkt\/askorbylpalmitat-cas-137-66-6\/","url":"https:\/\/masterchem.fi\/sv\/produkt\/askorbylpalmitat-cas-137-66-6\/","name":"Askorbylpalmitat (CAS 137-66-6) - MasterChem | kemikaalien tuotanto ja myynti","isPartOf":{"@id":"https:\/\/masterchem.fi\/sv\/#website"},"primaryImageOfPage":{"@id":"https:\/\/masterchem.fi\/sv\/produkt\/askorbylpalmitat-cas-137-66-6\/#primaryimage"},"image":{"@id":"https:\/\/masterchem.fi\/sv\/produkt\/askorbylpalmitat-cas-137-66-6\/#primaryimage"},"thumbnailUrl":"https:\/\/masterchem.fi\/wp-content\/uploads\/2022\/05\/Askorbyylipalmitaatti-CAS-137-66-6-25kg-MasterChem.jpg","datePublished":"2022-05-23T12:47:38+00:00","dateModified":"2022-05-23T12:50:25+00:00","description":"Askorbylpalmitat \u00e4r en ester av askorbinsyra och palmitinsyra som bildar den fettl\u00f6sliga formen av C-vitamin.","breadcrumb":{"@id":"https:\/\/masterchem.fi\/sv\/produkt\/askorbylpalmitat-cas-137-66-6\/#breadcrumb"},"inLanguage":"sv-SE","potentialAction":[{"@type":"ReadAction","target":["https:\/\/masterchem.fi\/sv\/produkt\/askorbylpalmitat-cas-137-66-6\/"]}]},{"@type":"ImageObject","inLanguage":"sv-SE","@id":"https:\/\/masterchem.fi\/sv\/produkt\/askorbylpalmitat-cas-137-66-6\/#primaryimage","url":"https:\/\/masterchem.fi\/wp-content\/uploads\/2022\/05\/Askorbyylipalmitaatti-CAS-137-66-6-25kg-MasterChem.jpg","contentUrl":"https:\/\/masterchem.fi\/wp-content\/uploads\/2022\/05\/Askorbyylipalmitaatti-CAS-137-66-6-25kg-MasterChem.jpg","width":1000,"height":1000,"caption":"Askorbylpalmitat (CAS 137-66-6)"},{"@type":"BreadcrumbList","@id":"https:\/\/masterchem.fi\/sv\/produkt\/askorbylpalmitat-cas-137-66-6\/#breadcrumb","itemListElement":[{"@type":"ListItem","position":1,"name":"Home","item":"https:\/\/masterchem.fi\/sv\/"},{"@type":"ListItem","position":2,"name":"Butik","item":"https:\/\/masterchem.fi\/sv\/butik\/"},{"@type":"ListItem","position":3,"name":"Askorbylpalmitat (CAS 137-66-6)"}]},{"@type":"WebSite","@id":"https:\/\/masterchem.fi\/sv\/#website","url":"https:\/\/masterchem.fi\/sv\/","name":"MasterChem | kemikaalien tuotanto ja myynti","description":"kemikaalien tuotanto ja myynti","potentialAction":[{"@type":"SearchAction","target":{"@type":"EntryPoint","urlTemplate":"https:\/\/masterchem.fi\/sv\/?s={search_term_string}"},"query-input":{"@type":"PropertyValueSpecification","valueRequired":true,"valueName":"search_term_string"}}],"inLanguage":"sv-SE"}]}},"_links":{"self":[{"href":"https:\/\/masterchem.fi\/sv\/wp-json\/wp\/v2\/product\/9848","targetHints":{"allow":["GET"]}}],"collection":[{"href":"https:\/\/masterchem.fi\/sv\/wp-json\/wp\/v2\/product"}],"about":[{"href":"https:\/\/masterchem.fi\/sv\/wp-json\/wp\/v2\/types\/product"}],"wp:featuredmedia":[{"embeddable":true,"href":"https:\/\/masterchem.fi\/sv\/wp-json\/wp\/v2\/media\/9852"}],"wp:attachment":[{"href":"https:\/\/masterchem.fi\/sv\/wp-json\/wp\/v2\/media?parent=9848"}],"wp:term":[{"taxonomy":"product_brand","embeddable":true,"href":"https:\/\/masterchem.fi\/sv\/wp-json\/wp\/v2\/product_brand?post=9848"},{"taxonomy":"product_cat","embeddable":true,"href":"https:\/\/masterchem.fi\/sv\/wp-json\/wp\/v2\/product_cat?post=9848"},{"taxonomy":"product_tag","embeddable":true,"href":"https:\/\/masterchem.fi\/sv\/wp-json\/wp\/v2\/product_tag?post=9848"}],"curies":[{"name":"wp","href":"https:\/\/api.w.org\/{rel}","templated":true}]}}