{"id":9879,"date":"2022-05-23T16:06:16","date_gmt":"2022-05-23T13:06:17","guid":{"rendered":"https:\/\/masterchem.fi\/?post_type=product&#038;p=9879"},"modified":"2022-05-23T16:10:13","modified_gmt":"2022-05-23T13:10:13","slug":"kalciumlaktatpentahydrat-cas-28305-25-1","status":"publish","type":"product","link":"https:\/\/masterchem.fi\/sv\/produkt\/kalciumlaktatpentahydrat-cas-28305-25-1\/","title":{"rendered":"Kalciumlaktatpentahydrat (CAS 28305-25-1)"},"content":{"rendered":"<p> <strong> Information <\/strong> <\/p>\n<p> Branscher: L\u00e4kemedel, livsmedel, foder <br \/>\nCAS-nummer: 28305-25-1 <br \/>\nWE-nummer: 248-953-3 <br \/>\nKemisk formel: C6H10CaO6 <br \/>\nMolekylvikt: 308,32 g\/mol <br \/>\nTariffkod: 29181100 <\/p>\n<p> <strong> Andra fysiska egenskaper <\/strong> <br \/>\npH: 6,0 &#8211; 8,0 (5 %) <br \/>\nSm\u00e4ltpunkt \/ fryspunkt:> 200 \u00b0 C <br \/>\nL\u00f6slighet i vatten: 7,0 till 9,0 g \/ 100 g (25 \u00b0 C) <\/p>\n","protected":false},"excerpt":{"rendered":"<p> <strong> Kalciumlaktatpentahydrat (CAS 28305-25-1) <\/strong> <\/p>\n<p> Kalciumlaktat framst\u00e4lls genom att blanda mj\u00f6lksyra med kalciumkarbonat eller kalciumhydroxid. Den har h\u00f6g l\u00f6slighet och uppl\u00f6sningshastighet, h\u00f6g biotillg\u00e4nglighet, god smak. Det \u00e4r en bra k\u00e4lla till kalcium och anv\u00e4nds ofta i mat och dryck, h\u00e4lsov\u00e5rd, l\u00e4kemedel och mer. <\/p>\n<p> &#8211; Kemiskt namn: Kalciumlaktat <br \/>\n&#8211; Standard: livsmedelsklass FCC <br \/>\n&#8211; Utseende: kristallint pulver <br \/>\n&#8211; F\u00e4rg: fr\u00e5n vitt till kr\u00e4mf\u00e4rgat <br \/>\n&#8211; Lukt: n\u00e4stan luktfri <br \/>\n&#8211; L\u00f6slighet: Mycket l\u00f6slig i varmt vatten <br \/>\n&#8211; Molekylformel: C6H10CaO6 \u00b7 5H2O <br \/>\n&#8211; Molekylvikt: 308,3 g\/mol <\/p>\n","protected":false},"featured_media":9883,"template":"","meta":[],"product_brand":[],"product_cat":[106,116,171,179],"product_tag":[],"class_list":{"0":"post-9879","1":"product","2":"type-product","3":"status-publish","4":"has-post-thumbnail","6":"product_cat-lakemedelsindustri","7":"product_cat-alla-produkter","8":"product_cat-livsmedelsindustrin","9":"product_cat-foderindustri","11":"first","12":"outofstock","13":"taxable","14":"shipping-taxable","15":"purchasable","16":"product-type-variable","17":"has-default-attributes","18":"rtwpvg-product"},"yoast_head":"<!-- This site is optimized with the Yoast SEO plugin v27.2 - https:\/\/yoast.com\/product\/yoast-seo-wordpress\/ -->\n<title>Kalciumlaktatpentahydrat (CAS 28305-25-1) - MasterChem | kemikaalien tuotanto ja myynti<\/title>\n<meta name=\"description\" content=\"Kalciumlaktat framst\u00e4lls genom att blanda mj\u00f6lksyra med kalciumkarbonat eller kalciumhydroxid.\" \/>\n<meta name=\"robots\" content=\"index, follow, max-snippet:-1, max-image-preview:large, max-video-preview:-1\" \/>\n<link rel=\"canonical\" href=\"https:\/\/masterchem.fi\/sv\/produkt\/kalciumlaktatpentahydrat-cas-28305-25-1\/\" \/>\n<meta property=\"og:locale\" content=\"sv_SE\" \/>\n<meta property=\"og:type\" content=\"article\" \/>\n<meta property=\"og:title\" content=\"Kalciumlaktatpentahydrat (CAS 28305-25-1) - MasterChem | kemikaalien tuotanto ja myynti\" \/>\n<meta property=\"og:description\" content=\"Kalciumlaktat framst\u00e4lls genom att blanda mj\u00f6lksyra med kalciumkarbonat eller kalciumhydroxid.\" \/>\n<meta property=\"og:url\" content=\"https:\/\/masterchem.fi\/sv\/produkt\/kalciumlaktatpentahydrat-cas-28305-25-1\/\" \/>\n<meta property=\"og:site_name\" content=\"MasterChem | kemikaalien tuotanto ja myynti\" \/>\n<meta property=\"article:modified_time\" content=\"2022-05-23T13:10:13+00:00\" \/>\n<meta property=\"og:image\" content=\"https:\/\/masterchem.fi\/wp-content\/uploads\/2022\/05\/Kalsiumlaktaattipentahydraatti-CAS-28305-25-1-25kg-MasterChem.jpg\" \/>\n\t<meta property=\"og:image:width\" content=\"1000\" \/>\n\t<meta property=\"og:image:height\" content=\"1000\" \/>\n\t<meta property=\"og:image:type\" content=\"image\/jpeg\" \/>\n<meta name=\"twitter:card\" content=\"summary_large_image\" \/>\n<script type=\"application\/ld+json\" class=\"yoast-schema-graph\">{\"@context\":\"https:\/\/schema.org\",\"@graph\":[{\"@type\":\"WebPage\",\"@id\":\"https:\/\/masterchem.fi\/sv\/produkt\/kalciumlaktatpentahydrat-cas-28305-25-1\/\",\"url\":\"https:\/\/masterchem.fi\/sv\/produkt\/kalciumlaktatpentahydrat-cas-28305-25-1\/\",\"name\":\"Kalciumlaktatpentahydrat (CAS 28305-25-1) - MasterChem | kemikaalien tuotanto ja myynti\",\"isPartOf\":{\"@id\":\"https:\/\/masterchem.fi\/sv\/#website\"},\"primaryImageOfPage\":{\"@id\":\"https:\/\/masterchem.fi\/sv\/produkt\/kalciumlaktatpentahydrat-cas-28305-25-1\/#primaryimage\"},\"image\":{\"@id\":\"https:\/\/masterchem.fi\/sv\/produkt\/kalciumlaktatpentahydrat-cas-28305-25-1\/#primaryimage\"},\"thumbnailUrl\":\"https:\/\/masterchem.fi\/wp-content\/uploads\/2022\/05\/Kalsiumlaktaattipentahydraatti-CAS-28305-25-1-25kg-MasterChem.jpg\",\"datePublished\":\"2022-05-23T13:06:17+00:00\",\"dateModified\":\"2022-05-23T13:10:13+00:00\",\"description\":\"Kalciumlaktat framst\u00e4lls genom att blanda mj\u00f6lksyra med kalciumkarbonat eller kalciumhydroxid.\",\"breadcrumb\":{\"@id\":\"https:\/\/masterchem.fi\/sv\/produkt\/kalciumlaktatpentahydrat-cas-28305-25-1\/#breadcrumb\"},\"inLanguage\":\"sv-SE\",\"potentialAction\":[{\"@type\":\"ReadAction\",\"target\":[\"https:\/\/masterchem.fi\/sv\/produkt\/kalciumlaktatpentahydrat-cas-28305-25-1\/\"]}]},{\"@type\":\"ImageObject\",\"inLanguage\":\"sv-SE\",\"@id\":\"https:\/\/masterchem.fi\/sv\/produkt\/kalciumlaktatpentahydrat-cas-28305-25-1\/#primaryimage\",\"url\":\"https:\/\/masterchem.fi\/wp-content\/uploads\/2022\/05\/Kalsiumlaktaattipentahydraatti-CAS-28305-25-1-25kg-MasterChem.jpg\",\"contentUrl\":\"https:\/\/masterchem.fi\/wp-content\/uploads\/2022\/05\/Kalsiumlaktaattipentahydraatti-CAS-28305-25-1-25kg-MasterChem.jpg\",\"width\":1000,\"height\":1000,\"caption\":\"Kalciumlaktatpentahydrat (CAS 28305-25-1) 25kg MasterChem\"},{\"@type\":\"BreadcrumbList\",\"@id\":\"https:\/\/masterchem.fi\/sv\/produkt\/kalciumlaktatpentahydrat-cas-28305-25-1\/#breadcrumb\",\"itemListElement\":[{\"@type\":\"ListItem\",\"position\":1,\"name\":\"Home\",\"item\":\"https:\/\/masterchem.fi\/sv\/\"},{\"@type\":\"ListItem\",\"position\":2,\"name\":\"Butik\",\"item\":\"https:\/\/masterchem.fi\/sv\/butik\/\"},{\"@type\":\"ListItem\",\"position\":3,\"name\":\"Kalciumlaktatpentahydrat (CAS 28305-25-1)\"}]},{\"@type\":\"WebSite\",\"@id\":\"https:\/\/masterchem.fi\/sv\/#website\",\"url\":\"https:\/\/masterchem.fi\/sv\/\",\"name\":\"MasterChem | kemikaalien tuotanto ja myynti\",\"description\":\"kemikaalien tuotanto ja myynti\",\"potentialAction\":[{\"@type\":\"SearchAction\",\"target\":{\"@type\":\"EntryPoint\",\"urlTemplate\":\"https:\/\/masterchem.fi\/sv\/?s={search_term_string}\"},\"query-input\":{\"@type\":\"PropertyValueSpecification\",\"valueRequired\":true,\"valueName\":\"search_term_string\"}}],\"inLanguage\":\"sv-SE\"}]}<\/script>\n<!-- \/ Yoast SEO plugin. -->","yoast_head_json":{"title":"Kalciumlaktatpentahydrat (CAS 28305-25-1) - MasterChem | kemikaalien tuotanto ja myynti","description":"Kalciumlaktat framst\u00e4lls genom att blanda mj\u00f6lksyra med kalciumkarbonat eller kalciumhydroxid.","robots":{"index":"index","follow":"follow","max-snippet":"max-snippet:-1","max-image-preview":"max-image-preview:large","max-video-preview":"max-video-preview:-1"},"canonical":"https:\/\/masterchem.fi\/sv\/produkt\/kalciumlaktatpentahydrat-cas-28305-25-1\/","og_locale":"sv_SE","og_type":"article","og_title":"Kalciumlaktatpentahydrat (CAS 28305-25-1) - MasterChem | kemikaalien tuotanto ja myynti","og_description":"Kalciumlaktat framst\u00e4lls genom att blanda mj\u00f6lksyra med kalciumkarbonat eller kalciumhydroxid.","og_url":"https:\/\/masterchem.fi\/sv\/produkt\/kalciumlaktatpentahydrat-cas-28305-25-1\/","og_site_name":"MasterChem | kemikaalien tuotanto ja myynti","article_modified_time":"2022-05-23T13:10:13+00:00","og_image":[{"width":1000,"height":1000,"url":"https:\/\/masterchem.fi\/wp-content\/uploads\/2022\/05\/Kalsiumlaktaattipentahydraatti-CAS-28305-25-1-25kg-MasterChem.jpg","type":"image\/jpeg"}],"twitter_card":"summary_large_image","schema":{"@context":"https:\/\/schema.org","@graph":[{"@type":"WebPage","@id":"https:\/\/masterchem.fi\/sv\/produkt\/kalciumlaktatpentahydrat-cas-28305-25-1\/","url":"https:\/\/masterchem.fi\/sv\/produkt\/kalciumlaktatpentahydrat-cas-28305-25-1\/","name":"Kalciumlaktatpentahydrat (CAS 28305-25-1) - MasterChem | kemikaalien tuotanto ja myynti","isPartOf":{"@id":"https:\/\/masterchem.fi\/sv\/#website"},"primaryImageOfPage":{"@id":"https:\/\/masterchem.fi\/sv\/produkt\/kalciumlaktatpentahydrat-cas-28305-25-1\/#primaryimage"},"image":{"@id":"https:\/\/masterchem.fi\/sv\/produkt\/kalciumlaktatpentahydrat-cas-28305-25-1\/#primaryimage"},"thumbnailUrl":"https:\/\/masterchem.fi\/wp-content\/uploads\/2022\/05\/Kalsiumlaktaattipentahydraatti-CAS-28305-25-1-25kg-MasterChem.jpg","datePublished":"2022-05-23T13:06:17+00:00","dateModified":"2022-05-23T13:10:13+00:00","description":"Kalciumlaktat framst\u00e4lls genom att blanda mj\u00f6lksyra med kalciumkarbonat eller kalciumhydroxid.","breadcrumb":{"@id":"https:\/\/masterchem.fi\/sv\/produkt\/kalciumlaktatpentahydrat-cas-28305-25-1\/#breadcrumb"},"inLanguage":"sv-SE","potentialAction":[{"@type":"ReadAction","target":["https:\/\/masterchem.fi\/sv\/produkt\/kalciumlaktatpentahydrat-cas-28305-25-1\/"]}]},{"@type":"ImageObject","inLanguage":"sv-SE","@id":"https:\/\/masterchem.fi\/sv\/produkt\/kalciumlaktatpentahydrat-cas-28305-25-1\/#primaryimage","url":"https:\/\/masterchem.fi\/wp-content\/uploads\/2022\/05\/Kalsiumlaktaattipentahydraatti-CAS-28305-25-1-25kg-MasterChem.jpg","contentUrl":"https:\/\/masterchem.fi\/wp-content\/uploads\/2022\/05\/Kalsiumlaktaattipentahydraatti-CAS-28305-25-1-25kg-MasterChem.jpg","width":1000,"height":1000,"caption":"Kalciumlaktatpentahydrat (CAS 28305-25-1) 25kg MasterChem"},{"@type":"BreadcrumbList","@id":"https:\/\/masterchem.fi\/sv\/produkt\/kalciumlaktatpentahydrat-cas-28305-25-1\/#breadcrumb","itemListElement":[{"@type":"ListItem","position":1,"name":"Home","item":"https:\/\/masterchem.fi\/sv\/"},{"@type":"ListItem","position":2,"name":"Butik","item":"https:\/\/masterchem.fi\/sv\/butik\/"},{"@type":"ListItem","position":3,"name":"Kalciumlaktatpentahydrat (CAS 28305-25-1)"}]},{"@type":"WebSite","@id":"https:\/\/masterchem.fi\/sv\/#website","url":"https:\/\/masterchem.fi\/sv\/","name":"MasterChem | kemikaalien tuotanto ja myynti","description":"kemikaalien tuotanto ja myynti","potentialAction":[{"@type":"SearchAction","target":{"@type":"EntryPoint","urlTemplate":"https:\/\/masterchem.fi\/sv\/?s={search_term_string}"},"query-input":{"@type":"PropertyValueSpecification","valueRequired":true,"valueName":"search_term_string"}}],"inLanguage":"sv-SE"}]}},"_links":{"self":[{"href":"https:\/\/masterchem.fi\/sv\/wp-json\/wp\/v2\/product\/9879","targetHints":{"allow":["GET"]}}],"collection":[{"href":"https:\/\/masterchem.fi\/sv\/wp-json\/wp\/v2\/product"}],"about":[{"href":"https:\/\/masterchem.fi\/sv\/wp-json\/wp\/v2\/types\/product"}],"wp:featuredmedia":[{"embeddable":true,"href":"https:\/\/masterchem.fi\/sv\/wp-json\/wp\/v2\/media\/9883"}],"wp:attachment":[{"href":"https:\/\/masterchem.fi\/sv\/wp-json\/wp\/v2\/media?parent=9879"}],"wp:term":[{"taxonomy":"product_brand","embeddable":true,"href":"https:\/\/masterchem.fi\/sv\/wp-json\/wp\/v2\/product_brand?post=9879"},{"taxonomy":"product_cat","embeddable":true,"href":"https:\/\/masterchem.fi\/sv\/wp-json\/wp\/v2\/product_cat?post=9879"},{"taxonomy":"product_tag","embeddable":true,"href":"https:\/\/masterchem.fi\/sv\/wp-json\/wp\/v2\/product_tag?post=9879"}],"curies":[{"name":"wp","href":"https:\/\/api.w.org\/{rel}","templated":true}]}}