{"id":9889,"date":"2022-05-23T16:14:11","date_gmt":"2022-05-23T13:14:12","guid":{"rendered":"https:\/\/masterchem.fi\/?post_type=product&#038;p=9889"},"modified":"2022-05-23T16:22:34","modified_gmt":"2022-05-23T13:22:34","slug":"kaliumlaktat-cas-85895-78-9","status":"publish","type":"product","link":"https:\/\/masterchem.fi\/sv\/produkt\/kaliumlaktat-cas-85895-78-9\/","title":{"rendered":"Kaliumlaktat (CAS 85895-78-9)"},"content":{"rendered":"<p> <strong> Information <\/strong> <\/p>\n<p> Branscher: L\u00e4kemedel, livsmedel, foder <br \/>\nCAS-nummer: 85895-78-9 <br \/>\nWE-nummer: 288-752-8 <br \/>\nKemisk formel: C3H5KO3 <br \/>\nMolekylvikt: 128,17 g\/mol <br \/>\nTariffkod: 29181100 <\/p>\n","protected":false},"excerpt":{"rendered":"<p> <strong> Kaliumlaktat (CAS 85895-78-9) <\/strong> <\/p>\n<p>Kalium L (+) &#8211; laktat \u00e4r kaliumsaltet av L (+) &#8211; mj\u00f6lksyra som erh\u00e5lls genom att neutralisera en syra av naturligt ursprung med en mycket ren kaliumk\u00e4lla. Levande organismer producerar naturligt laktat som en biprodukt av glykolys. Kalium L (+) &#8211; laktat anv\u00e4nds i livsmedel som en natriumfri patogenkontroll och fuktgivande medel. Som ett alternativ till natriumlaktat tar det upp h\u00e4lsoorganisationers och konsumenters oro f\u00f6r att minska natriumintaget. <\/p>\n","protected":false},"featured_media":9893,"template":"","meta":[],"product_brand":[],"product_cat":[171,179,106,116],"product_tag":[],"class_list":{"0":"post-9889","1":"product","2":"type-product","3":"status-publish","4":"has-post-thumbnail","6":"product_cat-livsmedelsindustrin","7":"product_cat-foderindustri","8":"product_cat-lakemedelsindustri","9":"product_cat-alla-produkter","11":"first","12":"outofstock","13":"taxable","14":"shipping-taxable","15":"purchasable","16":"product-type-variable","17":"has-default-attributes","18":"rtwpvg-product"},"yoast_head":"<!-- This site is optimized with the Yoast SEO plugin v27.5 - https:\/\/yoast.com\/product\/yoast-seo-wordpress\/ -->\n<title>Kaliumlaktat (CAS 85895-78-9) - MasterChem | kemikaalien tuotanto ja myynti<\/title>\n<meta name=\"description\" content=\"Kalium L (+) - laktat \u00e4r kaliumsaltet av L (+) - mj\u00f6lksyra som erh\u00e5lls genom att neutralisera en syra av naturligt ursprung med en mycket ren kaliumk\u00e4lla.\" \/>\n<meta name=\"robots\" content=\"index, follow, max-snippet:-1, max-image-preview:large, max-video-preview:-1\" \/>\n<link rel=\"canonical\" href=\"https:\/\/masterchem.fi\/sv\/produkt\/kaliumlaktat-cas-85895-78-9\/\" \/>\n<meta property=\"og:locale\" content=\"sv_SE\" \/>\n<meta property=\"og:type\" content=\"article\" \/>\n<meta property=\"og:title\" content=\"Kaliumlaktat (CAS 85895-78-9) - MasterChem | kemikaalien tuotanto ja myynti\" \/>\n<meta property=\"og:description\" content=\"Kalium L (+) - laktat \u00e4r kaliumsaltet av L (+) - mj\u00f6lksyra som erh\u00e5lls genom att neutralisera en syra av naturligt ursprung med en mycket ren kaliumk\u00e4lla.\" \/>\n<meta property=\"og:url\" content=\"https:\/\/masterchem.fi\/sv\/produkt\/kaliumlaktat-cas-85895-78-9\/\" \/>\n<meta property=\"og:site_name\" content=\"MasterChem | kemikaalien tuotanto ja myynti\" \/>\n<meta property=\"article:modified_time\" content=\"2022-05-23T13:22:34+00:00\" \/>\n<meta property=\"og:image\" content=\"https:\/\/masterchem.fi\/wp-content\/uploads\/2022\/05\/Kaliumlaktaatti-CAS-85895-78-9-25kg-MasterChem.jpg\" \/>\n\t<meta property=\"og:image:width\" content=\"1000\" \/>\n\t<meta property=\"og:image:height\" content=\"1000\" \/>\n\t<meta property=\"og:image:type\" content=\"image\/jpeg\" \/>\n<meta name=\"twitter:card\" content=\"summary_large_image\" \/>\n<script type=\"application\/ld+json\" class=\"yoast-schema-graph\">{\"@context\":\"https:\\\/\\\/schema.org\",\"@graph\":[{\"@type\":\"WebPage\",\"@id\":\"https:\\\/\\\/masterchem.fi\\\/sv\\\/produkt\\\/kaliumlaktat-cas-85895-78-9\\\/\",\"url\":\"https:\\\/\\\/masterchem.fi\\\/sv\\\/produkt\\\/kaliumlaktat-cas-85895-78-9\\\/\",\"name\":\"Kaliumlaktat (CAS 85895-78-9) - MasterChem | kemikaalien tuotanto ja myynti\",\"isPartOf\":{\"@id\":\"https:\\\/\\\/masterchem.fi\\\/sv\\\/#website\"},\"primaryImageOfPage\":{\"@id\":\"https:\\\/\\\/masterchem.fi\\\/sv\\\/produkt\\\/kaliumlaktat-cas-85895-78-9\\\/#primaryimage\"},\"image\":{\"@id\":\"https:\\\/\\\/masterchem.fi\\\/sv\\\/produkt\\\/kaliumlaktat-cas-85895-78-9\\\/#primaryimage\"},\"thumbnailUrl\":\"https:\\\/\\\/masterchem.fi\\\/wp-content\\\/uploads\\\/2022\\\/05\\\/Kaliumlaktaatti-CAS-85895-78-9-25kg-MasterChem.jpg\",\"datePublished\":\"2022-05-23T13:14:12+00:00\",\"dateModified\":\"2022-05-23T13:22:34+00:00\",\"description\":\"Kalium L (+) - laktat \u00e4r kaliumsaltet av L (+) - mj\u00f6lksyra som erh\u00e5lls genom att neutralisera en syra av naturligt ursprung med en mycket ren kaliumk\u00e4lla.\",\"breadcrumb\":{\"@id\":\"https:\\\/\\\/masterchem.fi\\\/sv\\\/produkt\\\/kaliumlaktat-cas-85895-78-9\\\/#breadcrumb\"},\"inLanguage\":\"sv-SE\",\"potentialAction\":[{\"@type\":\"ReadAction\",\"target\":[\"https:\\\/\\\/masterchem.fi\\\/sv\\\/produkt\\\/kaliumlaktat-cas-85895-78-9\\\/\"]}]},{\"@type\":\"ImageObject\",\"inLanguage\":\"sv-SE\",\"@id\":\"https:\\\/\\\/masterchem.fi\\\/sv\\\/produkt\\\/kaliumlaktat-cas-85895-78-9\\\/#primaryimage\",\"url\":\"https:\\\/\\\/masterchem.fi\\\/wp-content\\\/uploads\\\/2022\\\/05\\\/Kaliumlaktaatti-CAS-85895-78-9-25kg-MasterChem.jpg\",\"contentUrl\":\"https:\\\/\\\/masterchem.fi\\\/wp-content\\\/uploads\\\/2022\\\/05\\\/Kaliumlaktaatti-CAS-85895-78-9-25kg-MasterChem.jpg\",\"width\":1000,\"height\":1000,\"caption\":\"Kaliumlaktat (CAS 85895-78-9) 25kg MasterChem\"},{\"@type\":\"BreadcrumbList\",\"@id\":\"https:\\\/\\\/masterchem.fi\\\/sv\\\/produkt\\\/kaliumlaktat-cas-85895-78-9\\\/#breadcrumb\",\"itemListElement\":[{\"@type\":\"ListItem\",\"position\":1,\"name\":\"Home\",\"item\":\"https:\\\/\\\/masterchem.fi\\\/sv\\\/\"},{\"@type\":\"ListItem\",\"position\":2,\"name\":\"Butik\",\"item\":\"https:\\\/\\\/masterchem.fi\\\/sv\\\/butik\\\/\"},{\"@type\":\"ListItem\",\"position\":3,\"name\":\"Kaliumlaktat (CAS 85895-78-9)\"}]},{\"@type\":\"WebSite\",\"@id\":\"https:\\\/\\\/masterchem.fi\\\/sv\\\/#website\",\"url\":\"https:\\\/\\\/masterchem.fi\\\/sv\\\/\",\"name\":\"MasterChem | kemikaalien tuotanto ja myynti\",\"description\":\"kemikaalien tuotanto ja myynti\",\"potentialAction\":[{\"@type\":\"SearchAction\",\"target\":{\"@type\":\"EntryPoint\",\"urlTemplate\":\"https:\\\/\\\/masterchem.fi\\\/sv\\\/?s={search_term_string}\"},\"query-input\":{\"@type\":\"PropertyValueSpecification\",\"valueRequired\":true,\"valueName\":\"search_term_string\"}}],\"inLanguage\":\"sv-SE\"}]}<\/script>\n<!-- \/ Yoast SEO plugin. -->","yoast_head_json":{"title":"Kaliumlaktat (CAS 85895-78-9) - MasterChem | kemikaalien tuotanto ja myynti","description":"Kalium L (+) - laktat \u00e4r kaliumsaltet av L (+) - mj\u00f6lksyra som erh\u00e5lls genom att neutralisera en syra av naturligt ursprung med en mycket ren kaliumk\u00e4lla.","robots":{"index":"index","follow":"follow","max-snippet":"max-snippet:-1","max-image-preview":"max-image-preview:large","max-video-preview":"max-video-preview:-1"},"canonical":"https:\/\/masterchem.fi\/sv\/produkt\/kaliumlaktat-cas-85895-78-9\/","og_locale":"sv_SE","og_type":"article","og_title":"Kaliumlaktat (CAS 85895-78-9) - MasterChem | kemikaalien tuotanto ja myynti","og_description":"Kalium L (+) - laktat \u00e4r kaliumsaltet av L (+) - mj\u00f6lksyra som erh\u00e5lls genom att neutralisera en syra av naturligt ursprung med en mycket ren kaliumk\u00e4lla.","og_url":"https:\/\/masterchem.fi\/sv\/produkt\/kaliumlaktat-cas-85895-78-9\/","og_site_name":"MasterChem | kemikaalien tuotanto ja myynti","article_modified_time":"2022-05-23T13:22:34+00:00","og_image":[{"width":1000,"height":1000,"url":"https:\/\/masterchem.fi\/wp-content\/uploads\/2022\/05\/Kaliumlaktaatti-CAS-85895-78-9-25kg-MasterChem.jpg","type":"image\/jpeg"}],"twitter_card":"summary_large_image","schema":{"@context":"https:\/\/schema.org","@graph":[{"@type":"WebPage","@id":"https:\/\/masterchem.fi\/sv\/produkt\/kaliumlaktat-cas-85895-78-9\/","url":"https:\/\/masterchem.fi\/sv\/produkt\/kaliumlaktat-cas-85895-78-9\/","name":"Kaliumlaktat (CAS 85895-78-9) - MasterChem | kemikaalien tuotanto ja myynti","isPartOf":{"@id":"https:\/\/masterchem.fi\/sv\/#website"},"primaryImageOfPage":{"@id":"https:\/\/masterchem.fi\/sv\/produkt\/kaliumlaktat-cas-85895-78-9\/#primaryimage"},"image":{"@id":"https:\/\/masterchem.fi\/sv\/produkt\/kaliumlaktat-cas-85895-78-9\/#primaryimage"},"thumbnailUrl":"https:\/\/masterchem.fi\/wp-content\/uploads\/2022\/05\/Kaliumlaktaatti-CAS-85895-78-9-25kg-MasterChem.jpg","datePublished":"2022-05-23T13:14:12+00:00","dateModified":"2022-05-23T13:22:34+00:00","description":"Kalium L (+) - laktat \u00e4r kaliumsaltet av L (+) - mj\u00f6lksyra som erh\u00e5lls genom att neutralisera en syra av naturligt ursprung med en mycket ren kaliumk\u00e4lla.","breadcrumb":{"@id":"https:\/\/masterchem.fi\/sv\/produkt\/kaliumlaktat-cas-85895-78-9\/#breadcrumb"},"inLanguage":"sv-SE","potentialAction":[{"@type":"ReadAction","target":["https:\/\/masterchem.fi\/sv\/produkt\/kaliumlaktat-cas-85895-78-9\/"]}]},{"@type":"ImageObject","inLanguage":"sv-SE","@id":"https:\/\/masterchem.fi\/sv\/produkt\/kaliumlaktat-cas-85895-78-9\/#primaryimage","url":"https:\/\/masterchem.fi\/wp-content\/uploads\/2022\/05\/Kaliumlaktaatti-CAS-85895-78-9-25kg-MasterChem.jpg","contentUrl":"https:\/\/masterchem.fi\/wp-content\/uploads\/2022\/05\/Kaliumlaktaatti-CAS-85895-78-9-25kg-MasterChem.jpg","width":1000,"height":1000,"caption":"Kaliumlaktat (CAS 85895-78-9) 25kg MasterChem"},{"@type":"BreadcrumbList","@id":"https:\/\/masterchem.fi\/sv\/produkt\/kaliumlaktat-cas-85895-78-9\/#breadcrumb","itemListElement":[{"@type":"ListItem","position":1,"name":"Home","item":"https:\/\/masterchem.fi\/sv\/"},{"@type":"ListItem","position":2,"name":"Butik","item":"https:\/\/masterchem.fi\/sv\/butik\/"},{"@type":"ListItem","position":3,"name":"Kaliumlaktat (CAS 85895-78-9)"}]},{"@type":"WebSite","@id":"https:\/\/masterchem.fi\/sv\/#website","url":"https:\/\/masterchem.fi\/sv\/","name":"MasterChem | kemikaalien tuotanto ja myynti","description":"kemikaalien tuotanto ja myynti","potentialAction":[{"@type":"SearchAction","target":{"@type":"EntryPoint","urlTemplate":"https:\/\/masterchem.fi\/sv\/?s={search_term_string}"},"query-input":{"@type":"PropertyValueSpecification","valueRequired":true,"valueName":"search_term_string"}}],"inLanguage":"sv-SE"}]}},"_links":{"self":[{"href":"https:\/\/masterchem.fi\/sv\/wp-json\/wp\/v2\/product\/9889","targetHints":{"allow":["GET"]}}],"collection":[{"href":"https:\/\/masterchem.fi\/sv\/wp-json\/wp\/v2\/product"}],"about":[{"href":"https:\/\/masterchem.fi\/sv\/wp-json\/wp\/v2\/types\/product"}],"wp:featuredmedia":[{"embeddable":true,"href":"https:\/\/masterchem.fi\/sv\/wp-json\/wp\/v2\/media\/9893"}],"wp:attachment":[{"href":"https:\/\/masterchem.fi\/sv\/wp-json\/wp\/v2\/media?parent=9889"}],"wp:term":[{"taxonomy":"product_brand","embeddable":true,"href":"https:\/\/masterchem.fi\/sv\/wp-json\/wp\/v2\/product_brand?post=9889"},{"taxonomy":"product_cat","embeddable":true,"href":"https:\/\/masterchem.fi\/sv\/wp-json\/wp\/v2\/product_cat?post=9889"},{"taxonomy":"product_tag","embeddable":true,"href":"https:\/\/masterchem.fi\/sv\/wp-json\/wp\/v2\/product_tag?post=9889"}],"curies":[{"name":"wp","href":"https:\/\/api.w.org\/{rel}","templated":true}]}}