{"id":9909,"date":"2022-05-23T16:33:32","date_gmt":"2022-05-23T13:33:32","guid":{"rendered":"https:\/\/masterchem.fi\/?post_type=product&#038;p=9909"},"modified":"2022-05-23T16:38:08","modified_gmt":"2022-05-23T13:38:08","slug":"mentol-cas-2216-51-5","status":"publish","type":"product","link":"https:\/\/masterchem.fi\/sv\/produkt\/mentol-cas-2216-51-5\/","title":{"rendered":"Mentol (CAS 2216-51-5)"},"content":{"rendered":"<p> <strong> Information <\/strong> <\/p>\n<p> Branscher: Kosmetika, livsmedel, foder <br \/>\nCAS-nummer: 2216-51-5 <br \/>\nWE-nummer: 218-690-9 <br \/>\nKemisk formel: C10H20O <br \/>\nMolekylvikt: 156,27 g\/mol <br \/>\nTariffkod: 29061100 <\/p>\n<p> <strong> Andra fysiska egenskaper <\/strong> <br \/>\nSm\u00e4ltpunkt \/ fryspunkt: 41 &#8211; 43 \u00b0 C <br \/>\nKokpunkt\/intervall: 216 \u00b0C <br \/>\nRelativ densitet: 0,89 g\/cm3 <br \/>\nL\u00f6slighet i vatten: 0,431 g\/l <\/p>\n","protected":false},"excerpt":{"rendered":"<p> <strong> Menthol (CAS 2216-51-5) <\/strong> <\/p>\n<p>Mentol \u00e4r ett vaxartat, kristallint, f\u00e4rgl\u00f6st eller vitt terpenoid fast \u00e4mne vid rumstemperatur. Den utvinns fr\u00e5n pepparmynta och andra myntoljor och framst\u00e4lls syntetiskt. Den huvudsakliga formen av naturligt f\u00f6rekommande mentol \u00e4r (-) &#8211; mentol, eller levomentol, som \u00e4r organiserad i (1R, 2S, 5R) konfigurationen. Mentol k\u00e4nnetecknas av en stark mintliknande arom.<\/p>\n<p> Andra namn f\u00f6r mentol inkluderar: 3-p-mentanol, hexahydrotymol, mentomentol och pepparmintskamfer. Den racemiska formen av mentol har ett CAS-nummer p\u00e5 89-78-1 och (-)-isomeren 2216-51-5. <\/p>\n","protected":false},"featured_media":9913,"template":"","meta":[],"product_brand":[],"product_cat":[116,171,177,179],"product_tag":[],"class_list":{"0":"post-9909","1":"product","2":"type-product","3":"status-publish","4":"has-post-thumbnail","6":"product_cat-alla-produkter","7":"product_cat-livsmedelsindustrin","8":"product_cat-kosmetikindustrin","9":"product_cat-foderindustri","11":"first","12":"instock","13":"taxable","14":"shipping-taxable","15":"purchasable","16":"product-type-variable","17":"has-default-attributes","18":"rtwpvg-product"},"yoast_head":"<!-- This site is optimized with the Yoast SEO plugin v27.5 - https:\/\/yoast.com\/product\/yoast-seo-wordpress\/ -->\n<title>Mentol (CAS 2216-51-5) - MasterChem | kemikaalien tuotanto ja myynti<\/title>\n<meta name=\"description\" content=\"Mentol \u00e4r ett vaxartat, kristallint, f\u00e4rgl\u00f6st eller vitt terpenoid fast \u00e4mne vid rumstemperatur.\" \/>\n<meta name=\"robots\" content=\"index, follow, max-snippet:-1, max-image-preview:large, max-video-preview:-1\" \/>\n<link rel=\"canonical\" href=\"https:\/\/masterchem.fi\/sv\/produkt\/mentol-cas-2216-51-5\/\" \/>\n<meta property=\"og:locale\" content=\"sv_SE\" \/>\n<meta property=\"og:type\" content=\"article\" \/>\n<meta property=\"og:title\" content=\"Mentol (CAS 2216-51-5) - MasterChem | kemikaalien tuotanto ja myynti\" \/>\n<meta property=\"og:description\" content=\"Mentol \u00e4r ett vaxartat, kristallint, f\u00e4rgl\u00f6st eller vitt terpenoid fast \u00e4mne vid rumstemperatur.\" \/>\n<meta property=\"og:url\" content=\"https:\/\/masterchem.fi\/sv\/produkt\/mentol-cas-2216-51-5\/\" \/>\n<meta property=\"og:site_name\" content=\"MasterChem | kemikaalien tuotanto ja myynti\" \/>\n<meta property=\"article:modified_time\" content=\"2022-05-23T13:38:08+00:00\" \/>\n<meta property=\"og:image\" content=\"https:\/\/masterchem.fi\/wp-content\/uploads\/2022\/05\/Mentoli-CAS-2216-51-5-25kg-MasterChem.jpg\" \/>\n\t<meta property=\"og:image:width\" content=\"1000\" \/>\n\t<meta property=\"og:image:height\" content=\"1000\" \/>\n\t<meta property=\"og:image:type\" content=\"image\/jpeg\" \/>\n<meta name=\"twitter:card\" content=\"summary_large_image\" \/>\n<script type=\"application\/ld+json\" class=\"yoast-schema-graph\">{\"@context\":\"https:\\\/\\\/schema.org\",\"@graph\":[{\"@type\":\"WebPage\",\"@id\":\"https:\\\/\\\/masterchem.fi\\\/sv\\\/produkt\\\/mentol-cas-2216-51-5\\\/\",\"url\":\"https:\\\/\\\/masterchem.fi\\\/sv\\\/produkt\\\/mentol-cas-2216-51-5\\\/\",\"name\":\"Mentol (CAS 2216-51-5) - MasterChem | kemikaalien tuotanto ja myynti\",\"isPartOf\":{\"@id\":\"https:\\\/\\\/masterchem.fi\\\/sv\\\/#website\"},\"primaryImageOfPage\":{\"@id\":\"https:\\\/\\\/masterchem.fi\\\/sv\\\/produkt\\\/mentol-cas-2216-51-5\\\/#primaryimage\"},\"image\":{\"@id\":\"https:\\\/\\\/masterchem.fi\\\/sv\\\/produkt\\\/mentol-cas-2216-51-5\\\/#primaryimage\"},\"thumbnailUrl\":\"https:\\\/\\\/masterchem.fi\\\/wp-content\\\/uploads\\\/2022\\\/05\\\/Mentoli-CAS-2216-51-5-25kg-MasterChem.jpg\",\"datePublished\":\"2022-05-23T13:33:32+00:00\",\"dateModified\":\"2022-05-23T13:38:08+00:00\",\"description\":\"Mentol \u00e4r ett vaxartat, kristallint, f\u00e4rgl\u00f6st eller vitt terpenoid fast \u00e4mne vid rumstemperatur.\",\"breadcrumb\":{\"@id\":\"https:\\\/\\\/masterchem.fi\\\/sv\\\/produkt\\\/mentol-cas-2216-51-5\\\/#breadcrumb\"},\"inLanguage\":\"sv-SE\",\"potentialAction\":[{\"@type\":\"ReadAction\",\"target\":[\"https:\\\/\\\/masterchem.fi\\\/sv\\\/produkt\\\/mentol-cas-2216-51-5\\\/\"]}]},{\"@type\":\"ImageObject\",\"inLanguage\":\"sv-SE\",\"@id\":\"https:\\\/\\\/masterchem.fi\\\/sv\\\/produkt\\\/mentol-cas-2216-51-5\\\/#primaryimage\",\"url\":\"https:\\\/\\\/masterchem.fi\\\/wp-content\\\/uploads\\\/2022\\\/05\\\/Mentoli-CAS-2216-51-5-25kg-MasterChem.jpg\",\"contentUrl\":\"https:\\\/\\\/masterchem.fi\\\/wp-content\\\/uploads\\\/2022\\\/05\\\/Mentoli-CAS-2216-51-5-25kg-MasterChem.jpg\",\"width\":1000,\"height\":1000,\"caption\":\"Mentol (CAS 2216-51-5) 25kg MasterChem\"},{\"@type\":\"BreadcrumbList\",\"@id\":\"https:\\\/\\\/masterchem.fi\\\/sv\\\/produkt\\\/mentol-cas-2216-51-5\\\/#breadcrumb\",\"itemListElement\":[{\"@type\":\"ListItem\",\"position\":1,\"name\":\"Home\",\"item\":\"https:\\\/\\\/masterchem.fi\\\/sv\\\/\"},{\"@type\":\"ListItem\",\"position\":2,\"name\":\"Butik\",\"item\":\"https:\\\/\\\/masterchem.fi\\\/sv\\\/butik\\\/\"},{\"@type\":\"ListItem\",\"position\":3,\"name\":\"Mentol (CAS 2216-51-5)\"}]},{\"@type\":\"WebSite\",\"@id\":\"https:\\\/\\\/masterchem.fi\\\/sv\\\/#website\",\"url\":\"https:\\\/\\\/masterchem.fi\\\/sv\\\/\",\"name\":\"MasterChem | kemikaalien tuotanto ja myynti\",\"description\":\"kemikaalien tuotanto ja myynti\",\"potentialAction\":[{\"@type\":\"SearchAction\",\"target\":{\"@type\":\"EntryPoint\",\"urlTemplate\":\"https:\\\/\\\/masterchem.fi\\\/sv\\\/?s={search_term_string}\"},\"query-input\":{\"@type\":\"PropertyValueSpecification\",\"valueRequired\":true,\"valueName\":\"search_term_string\"}}],\"inLanguage\":\"sv-SE\"}]}<\/script>\n<!-- \/ Yoast SEO plugin. -->","yoast_head_json":{"title":"Mentol (CAS 2216-51-5) - MasterChem | kemikaalien tuotanto ja myynti","description":"Mentol \u00e4r ett vaxartat, kristallint, f\u00e4rgl\u00f6st eller vitt terpenoid fast \u00e4mne vid rumstemperatur.","robots":{"index":"index","follow":"follow","max-snippet":"max-snippet:-1","max-image-preview":"max-image-preview:large","max-video-preview":"max-video-preview:-1"},"canonical":"https:\/\/masterchem.fi\/sv\/produkt\/mentol-cas-2216-51-5\/","og_locale":"sv_SE","og_type":"article","og_title":"Mentol (CAS 2216-51-5) - MasterChem | kemikaalien tuotanto ja myynti","og_description":"Mentol \u00e4r ett vaxartat, kristallint, f\u00e4rgl\u00f6st eller vitt terpenoid fast \u00e4mne vid rumstemperatur.","og_url":"https:\/\/masterchem.fi\/sv\/produkt\/mentol-cas-2216-51-5\/","og_site_name":"MasterChem | kemikaalien tuotanto ja myynti","article_modified_time":"2022-05-23T13:38:08+00:00","og_image":[{"width":1000,"height":1000,"url":"https:\/\/masterchem.fi\/wp-content\/uploads\/2022\/05\/Mentoli-CAS-2216-51-5-25kg-MasterChem.jpg","type":"image\/jpeg"}],"twitter_card":"summary_large_image","schema":{"@context":"https:\/\/schema.org","@graph":[{"@type":"WebPage","@id":"https:\/\/masterchem.fi\/sv\/produkt\/mentol-cas-2216-51-5\/","url":"https:\/\/masterchem.fi\/sv\/produkt\/mentol-cas-2216-51-5\/","name":"Mentol (CAS 2216-51-5) - MasterChem | kemikaalien tuotanto ja myynti","isPartOf":{"@id":"https:\/\/masterchem.fi\/sv\/#website"},"primaryImageOfPage":{"@id":"https:\/\/masterchem.fi\/sv\/produkt\/mentol-cas-2216-51-5\/#primaryimage"},"image":{"@id":"https:\/\/masterchem.fi\/sv\/produkt\/mentol-cas-2216-51-5\/#primaryimage"},"thumbnailUrl":"https:\/\/masterchem.fi\/wp-content\/uploads\/2022\/05\/Mentoli-CAS-2216-51-5-25kg-MasterChem.jpg","datePublished":"2022-05-23T13:33:32+00:00","dateModified":"2022-05-23T13:38:08+00:00","description":"Mentol \u00e4r ett vaxartat, kristallint, f\u00e4rgl\u00f6st eller vitt terpenoid fast \u00e4mne vid rumstemperatur.","breadcrumb":{"@id":"https:\/\/masterchem.fi\/sv\/produkt\/mentol-cas-2216-51-5\/#breadcrumb"},"inLanguage":"sv-SE","potentialAction":[{"@type":"ReadAction","target":["https:\/\/masterchem.fi\/sv\/produkt\/mentol-cas-2216-51-5\/"]}]},{"@type":"ImageObject","inLanguage":"sv-SE","@id":"https:\/\/masterchem.fi\/sv\/produkt\/mentol-cas-2216-51-5\/#primaryimage","url":"https:\/\/masterchem.fi\/wp-content\/uploads\/2022\/05\/Mentoli-CAS-2216-51-5-25kg-MasterChem.jpg","contentUrl":"https:\/\/masterchem.fi\/wp-content\/uploads\/2022\/05\/Mentoli-CAS-2216-51-5-25kg-MasterChem.jpg","width":1000,"height":1000,"caption":"Mentol (CAS 2216-51-5) 25kg MasterChem"},{"@type":"BreadcrumbList","@id":"https:\/\/masterchem.fi\/sv\/produkt\/mentol-cas-2216-51-5\/#breadcrumb","itemListElement":[{"@type":"ListItem","position":1,"name":"Home","item":"https:\/\/masterchem.fi\/sv\/"},{"@type":"ListItem","position":2,"name":"Butik","item":"https:\/\/masterchem.fi\/sv\/butik\/"},{"@type":"ListItem","position":3,"name":"Mentol (CAS 2216-51-5)"}]},{"@type":"WebSite","@id":"https:\/\/masterchem.fi\/sv\/#website","url":"https:\/\/masterchem.fi\/sv\/","name":"MasterChem | kemikaalien tuotanto ja myynti","description":"kemikaalien tuotanto ja myynti","potentialAction":[{"@type":"SearchAction","target":{"@type":"EntryPoint","urlTemplate":"https:\/\/masterchem.fi\/sv\/?s={search_term_string}"},"query-input":{"@type":"PropertyValueSpecification","valueRequired":true,"valueName":"search_term_string"}}],"inLanguage":"sv-SE"}]}},"_links":{"self":[{"href":"https:\/\/masterchem.fi\/sv\/wp-json\/wp\/v2\/product\/9909","targetHints":{"allow":["GET"]}}],"collection":[{"href":"https:\/\/masterchem.fi\/sv\/wp-json\/wp\/v2\/product"}],"about":[{"href":"https:\/\/masterchem.fi\/sv\/wp-json\/wp\/v2\/types\/product"}],"wp:featuredmedia":[{"embeddable":true,"href":"https:\/\/masterchem.fi\/sv\/wp-json\/wp\/v2\/media\/9913"}],"wp:attachment":[{"href":"https:\/\/masterchem.fi\/sv\/wp-json\/wp\/v2\/media?parent=9909"}],"wp:term":[{"taxonomy":"product_brand","embeddable":true,"href":"https:\/\/masterchem.fi\/sv\/wp-json\/wp\/v2\/product_brand?post=9909"},{"taxonomy":"product_cat","embeddable":true,"href":"https:\/\/masterchem.fi\/sv\/wp-json\/wp\/v2\/product_cat?post=9909"},{"taxonomy":"product_tag","embeddable":true,"href":"https:\/\/masterchem.fi\/sv\/wp-json\/wp\/v2\/product_tag?post=9909"}],"curies":[{"name":"wp","href":"https:\/\/api.w.org\/{rel}","templated":true}]}}