{"id":9919,"date":"2022-05-23T16:47:19","date_gmt":"2022-05-23T13:47:20","guid":{"rendered":"https:\/\/masterchem.fi\/?post_type=product&#038;p=9919"},"modified":"2022-05-23T16:51:16","modified_gmt":"2022-05-23T13:51:16","slug":"natriumbutyrat-cas-156-54-7","status":"publish","type":"product","link":"https:\/\/masterchem.fi\/sv\/produkt\/natriumbutyrat-cas-156-54-7\/","title":{"rendered":"Natriumbutyrat (CAS 156-54-7)"},"content":{"rendered":"<p> <strong> Information <\/strong> <\/p>\n<p> Bransch: livsmedelsindustri, foderindustri <br \/>\nCAS-nummer: 156-54-7 <br \/>\nWE-nummer: 205-857-6 <br \/>\nKemisk formel: C4H7O2Na <br \/>\nTariffkod: 29156019 <\/p>\n","protected":false},"excerpt":{"rendered":"<p> <strong> Natriumbutyrat (CAS 156-54-7) <\/strong> <\/p>\n<p>Natriumbutyrat \u00e4r en f\u00f6rening med formeln Na (C3H7COO). Det \u00e4r natriumsaltet av sm\u00f6rsyra. Det har en m\u00e4ngd olika effekter p\u00e5 odlade d\u00e4ggdjursceller, inklusive h\u00e4mning av proliferation, induktion av differentiering och induktion eller suppression av genuttryck. Som s\u00e5dan kan den anv\u00e4ndas i laboratoriet f\u00f6r att producera dessa effekter. Mer specifikt resulterar cellul\u00e4r butyratbehandling i hyperacetylering av histon, och butyrat sj\u00e4lvt h\u00e4mmar klass I histondeacetylas (HDAC) aktivitet, s\u00e4rskilt HDAC1, HDAC2, HDAC3 och butyrat kan anv\u00e4ndas f\u00f6r att best\u00e4mma histondeacetylen i kromatinstruktur och funktion. H\u00e4mning av HDAC-aktivitet ber\u00e4knas p\u00e5verka endast 2 % av genuttrycket hos d\u00e4ggdjur. <\/p>\n<p> I laboratoriet finns natriumbutyrat vanligtvis som ett vitt, vattenl\u00f6sligt, kristallint fast \u00e4mne. Kemikalien \u00e4r k\u00e4nd f\u00f6r att ha en mycket stark, obehaglig lukt som dr\u00f6jer sig kvar. Av s\u00e4kerhetssk\u00e4l rekommenderas det att du anv\u00e4nder handskar, skyddsglas\u00f6gon och andningsskydd n\u00e4r du arbetar med natriumbutyrat. <\/p>\n","protected":false},"featured_media":9923,"template":"","meta":[],"product_brand":[],"product_cat":[171,179,116],"product_tag":[],"class_list":{"0":"post-9919","1":"product","2":"type-product","3":"status-publish","4":"has-post-thumbnail","6":"product_cat-livsmedelsindustrin","7":"product_cat-foderindustri","8":"product_cat-alla-produkter","10":"first","11":"outofstock","12":"taxable","13":"shipping-taxable","14":"purchasable","15":"product-type-variable","16":"has-default-attributes","17":"rtwpvg-product"},"yoast_head":"<!-- This site is optimized with the Yoast SEO plugin v27.2 - https:\/\/yoast.com\/product\/yoast-seo-wordpress\/ -->\n<title>Natriumbutyrat (CAS 156-54-7) - MasterChem | kemikaalien tuotanto ja myynti<\/title>\n<meta name=\"description\" content=\"Natriumbutyrat \u00e4r en f\u00f6rening med formeln Na (C3H7COO). Det \u00e4r natriumsaltet av sm\u00f6rsyra.\" \/>\n<meta name=\"robots\" content=\"index, follow, max-snippet:-1, max-image-preview:large, max-video-preview:-1\" \/>\n<link rel=\"canonical\" href=\"https:\/\/masterchem.fi\/sv\/produkt\/natriumbutyrat-cas-156-54-7\/\" \/>\n<meta property=\"og:locale\" content=\"sv_SE\" \/>\n<meta property=\"og:type\" content=\"article\" \/>\n<meta property=\"og:title\" content=\"Natriumbutyrat (CAS 156-54-7) - MasterChem | kemikaalien tuotanto ja myynti\" \/>\n<meta property=\"og:description\" content=\"Natriumbutyrat \u00e4r en f\u00f6rening med formeln Na (C3H7COO). Det \u00e4r natriumsaltet av sm\u00f6rsyra.\" \/>\n<meta property=\"og:url\" content=\"https:\/\/masterchem.fi\/sv\/produkt\/natriumbutyrat-cas-156-54-7\/\" \/>\n<meta property=\"og:site_name\" content=\"MasterChem | kemikaalien tuotanto ja myynti\" \/>\n<meta property=\"article:modified_time\" content=\"2022-05-23T13:51:16+00:00\" \/>\n<meta property=\"og:image\" content=\"https:\/\/masterchem.fi\/wp-content\/uploads\/2022\/05\/Natriumbutyraatti-CAS-156-54-7-25kg-MasterChem.jpg\" \/>\n\t<meta property=\"og:image:width\" content=\"1000\" \/>\n\t<meta property=\"og:image:height\" content=\"1000\" \/>\n\t<meta property=\"og:image:type\" content=\"image\/jpeg\" \/>\n<meta name=\"twitter:card\" content=\"summary_large_image\" \/>\n<script type=\"application\/ld+json\" class=\"yoast-schema-graph\">{\"@context\":\"https:\/\/schema.org\",\"@graph\":[{\"@type\":\"WebPage\",\"@id\":\"https:\/\/masterchem.fi\/sv\/produkt\/natriumbutyrat-cas-156-54-7\/\",\"url\":\"https:\/\/masterchem.fi\/sv\/produkt\/natriumbutyrat-cas-156-54-7\/\",\"name\":\"Natriumbutyrat (CAS 156-54-7) - MasterChem | kemikaalien tuotanto ja myynti\",\"isPartOf\":{\"@id\":\"https:\/\/masterchem.fi\/sv\/#website\"},\"primaryImageOfPage\":{\"@id\":\"https:\/\/masterchem.fi\/sv\/produkt\/natriumbutyrat-cas-156-54-7\/#primaryimage\"},\"image\":{\"@id\":\"https:\/\/masterchem.fi\/sv\/produkt\/natriumbutyrat-cas-156-54-7\/#primaryimage\"},\"thumbnailUrl\":\"https:\/\/masterchem.fi\/wp-content\/uploads\/2022\/05\/Natriumbutyraatti-CAS-156-54-7-25kg-MasterChem.jpg\",\"datePublished\":\"2022-05-23T13:47:20+00:00\",\"dateModified\":\"2022-05-23T13:51:16+00:00\",\"description\":\"Natriumbutyrat \u00e4r en f\u00f6rening med formeln Na (C3H7COO). Det \u00e4r natriumsaltet av sm\u00f6rsyra.\",\"breadcrumb\":{\"@id\":\"https:\/\/masterchem.fi\/sv\/produkt\/natriumbutyrat-cas-156-54-7\/#breadcrumb\"},\"inLanguage\":\"sv-SE\",\"potentialAction\":[{\"@type\":\"ReadAction\",\"target\":[\"https:\/\/masterchem.fi\/sv\/produkt\/natriumbutyrat-cas-156-54-7\/\"]}]},{\"@type\":\"ImageObject\",\"inLanguage\":\"sv-SE\",\"@id\":\"https:\/\/masterchem.fi\/sv\/produkt\/natriumbutyrat-cas-156-54-7\/#primaryimage\",\"url\":\"https:\/\/masterchem.fi\/wp-content\/uploads\/2022\/05\/Natriumbutyraatti-CAS-156-54-7-25kg-MasterChem.jpg\",\"contentUrl\":\"https:\/\/masterchem.fi\/wp-content\/uploads\/2022\/05\/Natriumbutyraatti-CAS-156-54-7-25kg-MasterChem.jpg\",\"width\":1000,\"height\":1000,\"caption\":\"Natriumbutyrat (CAS 156-54-7) 25kg MasterChem\"},{\"@type\":\"BreadcrumbList\",\"@id\":\"https:\/\/masterchem.fi\/sv\/produkt\/natriumbutyrat-cas-156-54-7\/#breadcrumb\",\"itemListElement\":[{\"@type\":\"ListItem\",\"position\":1,\"name\":\"Home\",\"item\":\"https:\/\/masterchem.fi\/sv\/\"},{\"@type\":\"ListItem\",\"position\":2,\"name\":\"Butik\",\"item\":\"https:\/\/masterchem.fi\/sv\/butik\/\"},{\"@type\":\"ListItem\",\"position\":3,\"name\":\"Natriumbutyrat (CAS 156-54-7)\"}]},{\"@type\":\"WebSite\",\"@id\":\"https:\/\/masterchem.fi\/sv\/#website\",\"url\":\"https:\/\/masterchem.fi\/sv\/\",\"name\":\"MasterChem | kemikaalien tuotanto ja myynti\",\"description\":\"kemikaalien tuotanto ja myynti\",\"potentialAction\":[{\"@type\":\"SearchAction\",\"target\":{\"@type\":\"EntryPoint\",\"urlTemplate\":\"https:\/\/masterchem.fi\/sv\/?s={search_term_string}\"},\"query-input\":{\"@type\":\"PropertyValueSpecification\",\"valueRequired\":true,\"valueName\":\"search_term_string\"}}],\"inLanguage\":\"sv-SE\"}]}<\/script>\n<!-- \/ Yoast SEO plugin. -->","yoast_head_json":{"title":"Natriumbutyrat (CAS 156-54-7) - MasterChem | kemikaalien tuotanto ja myynti","description":"Natriumbutyrat \u00e4r en f\u00f6rening med formeln Na (C3H7COO). Det \u00e4r natriumsaltet av sm\u00f6rsyra.","robots":{"index":"index","follow":"follow","max-snippet":"max-snippet:-1","max-image-preview":"max-image-preview:large","max-video-preview":"max-video-preview:-1"},"canonical":"https:\/\/masterchem.fi\/sv\/produkt\/natriumbutyrat-cas-156-54-7\/","og_locale":"sv_SE","og_type":"article","og_title":"Natriumbutyrat (CAS 156-54-7) - MasterChem | kemikaalien tuotanto ja myynti","og_description":"Natriumbutyrat \u00e4r en f\u00f6rening med formeln Na (C3H7COO). Det \u00e4r natriumsaltet av sm\u00f6rsyra.","og_url":"https:\/\/masterchem.fi\/sv\/produkt\/natriumbutyrat-cas-156-54-7\/","og_site_name":"MasterChem | kemikaalien tuotanto ja myynti","article_modified_time":"2022-05-23T13:51:16+00:00","og_image":[{"width":1000,"height":1000,"url":"https:\/\/masterchem.fi\/wp-content\/uploads\/2022\/05\/Natriumbutyraatti-CAS-156-54-7-25kg-MasterChem.jpg","type":"image\/jpeg"}],"twitter_card":"summary_large_image","schema":{"@context":"https:\/\/schema.org","@graph":[{"@type":"WebPage","@id":"https:\/\/masterchem.fi\/sv\/produkt\/natriumbutyrat-cas-156-54-7\/","url":"https:\/\/masterchem.fi\/sv\/produkt\/natriumbutyrat-cas-156-54-7\/","name":"Natriumbutyrat (CAS 156-54-7) - MasterChem | kemikaalien tuotanto ja myynti","isPartOf":{"@id":"https:\/\/masterchem.fi\/sv\/#website"},"primaryImageOfPage":{"@id":"https:\/\/masterchem.fi\/sv\/produkt\/natriumbutyrat-cas-156-54-7\/#primaryimage"},"image":{"@id":"https:\/\/masterchem.fi\/sv\/produkt\/natriumbutyrat-cas-156-54-7\/#primaryimage"},"thumbnailUrl":"https:\/\/masterchem.fi\/wp-content\/uploads\/2022\/05\/Natriumbutyraatti-CAS-156-54-7-25kg-MasterChem.jpg","datePublished":"2022-05-23T13:47:20+00:00","dateModified":"2022-05-23T13:51:16+00:00","description":"Natriumbutyrat \u00e4r en f\u00f6rening med formeln Na (C3H7COO). Det \u00e4r natriumsaltet av sm\u00f6rsyra.","breadcrumb":{"@id":"https:\/\/masterchem.fi\/sv\/produkt\/natriumbutyrat-cas-156-54-7\/#breadcrumb"},"inLanguage":"sv-SE","potentialAction":[{"@type":"ReadAction","target":["https:\/\/masterchem.fi\/sv\/produkt\/natriumbutyrat-cas-156-54-7\/"]}]},{"@type":"ImageObject","inLanguage":"sv-SE","@id":"https:\/\/masterchem.fi\/sv\/produkt\/natriumbutyrat-cas-156-54-7\/#primaryimage","url":"https:\/\/masterchem.fi\/wp-content\/uploads\/2022\/05\/Natriumbutyraatti-CAS-156-54-7-25kg-MasterChem.jpg","contentUrl":"https:\/\/masterchem.fi\/wp-content\/uploads\/2022\/05\/Natriumbutyraatti-CAS-156-54-7-25kg-MasterChem.jpg","width":1000,"height":1000,"caption":"Natriumbutyrat (CAS 156-54-7) 25kg MasterChem"},{"@type":"BreadcrumbList","@id":"https:\/\/masterchem.fi\/sv\/produkt\/natriumbutyrat-cas-156-54-7\/#breadcrumb","itemListElement":[{"@type":"ListItem","position":1,"name":"Home","item":"https:\/\/masterchem.fi\/sv\/"},{"@type":"ListItem","position":2,"name":"Butik","item":"https:\/\/masterchem.fi\/sv\/butik\/"},{"@type":"ListItem","position":3,"name":"Natriumbutyrat (CAS 156-54-7)"}]},{"@type":"WebSite","@id":"https:\/\/masterchem.fi\/sv\/#website","url":"https:\/\/masterchem.fi\/sv\/","name":"MasterChem | kemikaalien tuotanto ja myynti","description":"kemikaalien tuotanto ja myynti","potentialAction":[{"@type":"SearchAction","target":{"@type":"EntryPoint","urlTemplate":"https:\/\/masterchem.fi\/sv\/?s={search_term_string}"},"query-input":{"@type":"PropertyValueSpecification","valueRequired":true,"valueName":"search_term_string"}}],"inLanguage":"sv-SE"}]}},"_links":{"self":[{"href":"https:\/\/masterchem.fi\/sv\/wp-json\/wp\/v2\/product\/9919","targetHints":{"allow":["GET"]}}],"collection":[{"href":"https:\/\/masterchem.fi\/sv\/wp-json\/wp\/v2\/product"}],"about":[{"href":"https:\/\/masterchem.fi\/sv\/wp-json\/wp\/v2\/types\/product"}],"wp:featuredmedia":[{"embeddable":true,"href":"https:\/\/masterchem.fi\/sv\/wp-json\/wp\/v2\/media\/9923"}],"wp:attachment":[{"href":"https:\/\/masterchem.fi\/sv\/wp-json\/wp\/v2\/media?parent=9919"}],"wp:term":[{"taxonomy":"product_brand","embeddable":true,"href":"https:\/\/masterchem.fi\/sv\/wp-json\/wp\/v2\/product_brand?post=9919"},{"taxonomy":"product_cat","embeddable":true,"href":"https:\/\/masterchem.fi\/sv\/wp-json\/wp\/v2\/product_cat?post=9919"},{"taxonomy":"product_tag","embeddable":true,"href":"https:\/\/masterchem.fi\/sv\/wp-json\/wp\/v2\/product_tag?post=9919"}],"curies":[{"name":"wp","href":"https:\/\/api.w.org\/{rel}","templated":true}]}}