{"id":9929,"date":"2022-05-23T16:54:03","date_gmt":"2022-05-23T13:54:04","guid":{"rendered":"https:\/\/masterchem.fi\/?post_type=product&#038;p=9929"},"modified":"2022-05-23T16:59:38","modified_gmt":"2022-05-23T13:59:38","slug":"sorbinsyra-cas-110-44-1","status":"publish","type":"product","link":"https:\/\/masterchem.fi\/sv\/produkt\/sorbinsyra-cas-110-44-1\/","title":{"rendered":"Sorbinsyra (CAS 110-44-1)"},"content":{"rendered":"<p> <strong> Information <\/strong> <\/p>\n<p> Branscher: L\u00e4kemedel, livsmedel, foder <br \/>\nCAS-nummer: 110-44-1 <br \/>\nWE-nummer: 203-768-7 <br \/>\nKemisk formel: C6H8O2 <br \/>\nMolekylvikt: 112,13 g\/mol <br \/>\nTariffkod: 29161995 <\/p>\n<p> <strong> Andra fysiska egenskaper <\/strong> <\/p>\n<p> pH: 3,3 (1,6 g \/ l H2O w 20 \u00b0 C) <br \/>\nSm\u00e4ltpunkt \/ fryspunkt: 132 &#8211; 135 \u00b0 C <br \/>\nKokpunkt\/intervall: 170 \u00b0C <br \/>\nRelativ densitet: 1,2 g\/cm3 (20 \u00b0C) <br \/>\nL\u00f6slighet i vatten: 1,4 g \/ l (20 \u00b0 C) <\/p>\n","protected":false},"excerpt":{"rendered":"<p> <strong> Sorbinsyra (CAS 110-44-1) <\/strong> <\/p>\n<p>Sorbinsyra (Acidum sorbicum) \u00e4r \u00e4ven k\u00e4nd som E200. Ett allm\u00e4nt fuktbevarande medel, samt ett konserveringsmedel som \u00e4r separerat fr\u00e5n r\u00f6nnb\u00e4r eller kemiskt framst\u00e4llt. Sorbinsyra administreras rektalt f\u00f6r att underl\u00e4tta uppmjukning av den h\u00e5rda avf\u00f6ringen. (T.ex. Microlax) Acid anv\u00e4nds ocks\u00e5 ofta i kosmetika.<\/p>\n<p> Andra m\u00e4nniskor upplever allergiska reaktioner mot sorbinsyra, s\u00e5som n\u00e4sselutslag, rinnande n\u00e4sa och astmatiska reaktioner. <\/p>\n","protected":false},"featured_media":9933,"template":"","meta":[],"product_brand":[],"product_cat":[106,116,171,179],"product_tag":[],"class_list":{"0":"post-9929","1":"product","2":"type-product","3":"status-publish","4":"has-post-thumbnail","6":"product_cat-lakemedelsindustri","7":"product_cat-alla-produkter","8":"product_cat-livsmedelsindustrin","9":"product_cat-foderindustri","11":"first","12":"outofstock","13":"taxable","14":"shipping-taxable","15":"purchasable","16":"product-type-variable","17":"has-default-attributes","18":"rtwpvg-product"},"yoast_head":"<!-- This site is optimized with the Yoast SEO plugin v27.5 - https:\/\/yoast.com\/product\/yoast-seo-wordpress\/ -->\n<title>Sorbinsyra (CAS 110-44-1) - MasterChem | kemikaalien tuotanto ja myynti<\/title>\n<meta name=\"description\" content=\"Sorbinsyra (Acidum sorbicum) \u00e4r \u00e4ven k\u00e4nd som E-kod E200. Ett allm\u00e4nt fuktbevarande medel, samt ett konserveringsmedel som \u00e4r separerat fr\u00e5n r\u00f6nnb\u00e4r eller kemiskt framst\u00e4llt.\" \/>\n<meta name=\"robots\" content=\"index, follow, max-snippet:-1, max-image-preview:large, max-video-preview:-1\" \/>\n<link rel=\"canonical\" href=\"https:\/\/masterchem.fi\/sv\/produkt\/sorbinsyra-cas-110-44-1\/\" \/>\n<meta property=\"og:locale\" content=\"sv_SE\" \/>\n<meta property=\"og:type\" content=\"article\" \/>\n<meta property=\"og:title\" content=\"Sorbinsyra (CAS 110-44-1) - MasterChem | kemikaalien tuotanto ja myynti\" \/>\n<meta property=\"og:description\" content=\"Sorbinsyra (Acidum sorbicum) \u00e4r \u00e4ven k\u00e4nd som E-kod E200. Ett allm\u00e4nt fuktbevarande medel, samt ett konserveringsmedel som \u00e4r separerat fr\u00e5n r\u00f6nnb\u00e4r eller kemiskt framst\u00e4llt.\" \/>\n<meta property=\"og:url\" content=\"https:\/\/masterchem.fi\/sv\/produkt\/sorbinsyra-cas-110-44-1\/\" \/>\n<meta property=\"og:site_name\" content=\"MasterChem | kemikaalien tuotanto ja myynti\" \/>\n<meta property=\"article:modified_time\" content=\"2022-05-23T13:59:38+00:00\" \/>\n<meta property=\"og:image\" content=\"https:\/\/masterchem.fi\/wp-content\/uploads\/2022\/05\/Sorbiinihappo-CAS-110-44-1-25kg-MasterChem.jpg\" \/>\n\t<meta property=\"og:image:width\" content=\"1000\" \/>\n\t<meta property=\"og:image:height\" content=\"1000\" \/>\n\t<meta property=\"og:image:type\" content=\"image\/jpeg\" \/>\n<meta name=\"twitter:card\" content=\"summary_large_image\" \/>\n<script type=\"application\/ld+json\" class=\"yoast-schema-graph\">{\"@context\":\"https:\\\/\\\/schema.org\",\"@graph\":[{\"@type\":\"WebPage\",\"@id\":\"https:\\\/\\\/masterchem.fi\\\/sv\\\/produkt\\\/sorbinsyra-cas-110-44-1\\\/\",\"url\":\"https:\\\/\\\/masterchem.fi\\\/sv\\\/produkt\\\/sorbinsyra-cas-110-44-1\\\/\",\"name\":\"Sorbinsyra (CAS 110-44-1) - MasterChem | kemikaalien tuotanto ja myynti\",\"isPartOf\":{\"@id\":\"https:\\\/\\\/masterchem.fi\\\/sv\\\/#website\"},\"primaryImageOfPage\":{\"@id\":\"https:\\\/\\\/masterchem.fi\\\/sv\\\/produkt\\\/sorbinsyra-cas-110-44-1\\\/#primaryimage\"},\"image\":{\"@id\":\"https:\\\/\\\/masterchem.fi\\\/sv\\\/produkt\\\/sorbinsyra-cas-110-44-1\\\/#primaryimage\"},\"thumbnailUrl\":\"https:\\\/\\\/masterchem.fi\\\/wp-content\\\/uploads\\\/2022\\\/05\\\/Sorbiinihappo-CAS-110-44-1-25kg-MasterChem.jpg\",\"datePublished\":\"2022-05-23T13:54:04+00:00\",\"dateModified\":\"2022-05-23T13:59:38+00:00\",\"description\":\"Sorbinsyra (Acidum sorbicum) \u00e4r \u00e4ven k\u00e4nd som E-kod E200. Ett allm\u00e4nt fuktbevarande medel, samt ett konserveringsmedel som \u00e4r separerat fr\u00e5n r\u00f6nnb\u00e4r eller kemiskt framst\u00e4llt.\",\"breadcrumb\":{\"@id\":\"https:\\\/\\\/masterchem.fi\\\/sv\\\/produkt\\\/sorbinsyra-cas-110-44-1\\\/#breadcrumb\"},\"inLanguage\":\"sv-SE\",\"potentialAction\":[{\"@type\":\"ReadAction\",\"target\":[\"https:\\\/\\\/masterchem.fi\\\/sv\\\/produkt\\\/sorbinsyra-cas-110-44-1\\\/\"]}]},{\"@type\":\"ImageObject\",\"inLanguage\":\"sv-SE\",\"@id\":\"https:\\\/\\\/masterchem.fi\\\/sv\\\/produkt\\\/sorbinsyra-cas-110-44-1\\\/#primaryimage\",\"url\":\"https:\\\/\\\/masterchem.fi\\\/wp-content\\\/uploads\\\/2022\\\/05\\\/Sorbiinihappo-CAS-110-44-1-25kg-MasterChem.jpg\",\"contentUrl\":\"https:\\\/\\\/masterchem.fi\\\/wp-content\\\/uploads\\\/2022\\\/05\\\/Sorbiinihappo-CAS-110-44-1-25kg-MasterChem.jpg\",\"width\":1000,\"height\":1000,\"caption\":\"Sorbinsyra (CAS 110-44-1) 25kg MasterChem\"},{\"@type\":\"BreadcrumbList\",\"@id\":\"https:\\\/\\\/masterchem.fi\\\/sv\\\/produkt\\\/sorbinsyra-cas-110-44-1\\\/#breadcrumb\",\"itemListElement\":[{\"@type\":\"ListItem\",\"position\":1,\"name\":\"Home\",\"item\":\"https:\\\/\\\/masterchem.fi\\\/sv\\\/\"},{\"@type\":\"ListItem\",\"position\":2,\"name\":\"Butik\",\"item\":\"https:\\\/\\\/masterchem.fi\\\/sv\\\/butik\\\/\"},{\"@type\":\"ListItem\",\"position\":3,\"name\":\"Sorbinsyra (CAS 110-44-1)\"}]},{\"@type\":\"WebSite\",\"@id\":\"https:\\\/\\\/masterchem.fi\\\/sv\\\/#website\",\"url\":\"https:\\\/\\\/masterchem.fi\\\/sv\\\/\",\"name\":\"MasterChem | kemikaalien tuotanto ja myynti\",\"description\":\"kemikaalien tuotanto ja myynti\",\"potentialAction\":[{\"@type\":\"SearchAction\",\"target\":{\"@type\":\"EntryPoint\",\"urlTemplate\":\"https:\\\/\\\/masterchem.fi\\\/sv\\\/?s={search_term_string}\"},\"query-input\":{\"@type\":\"PropertyValueSpecification\",\"valueRequired\":true,\"valueName\":\"search_term_string\"}}],\"inLanguage\":\"sv-SE\"}]}<\/script>\n<!-- \/ Yoast SEO plugin. -->","yoast_head_json":{"title":"Sorbinsyra (CAS 110-44-1) - MasterChem | kemikaalien tuotanto ja myynti","description":"Sorbinsyra (Acidum sorbicum) \u00e4r \u00e4ven k\u00e4nd som E-kod E200. Ett allm\u00e4nt fuktbevarande medel, samt ett konserveringsmedel som \u00e4r separerat fr\u00e5n r\u00f6nnb\u00e4r eller kemiskt framst\u00e4llt.","robots":{"index":"index","follow":"follow","max-snippet":"max-snippet:-1","max-image-preview":"max-image-preview:large","max-video-preview":"max-video-preview:-1"},"canonical":"https:\/\/masterchem.fi\/sv\/produkt\/sorbinsyra-cas-110-44-1\/","og_locale":"sv_SE","og_type":"article","og_title":"Sorbinsyra (CAS 110-44-1) - MasterChem | kemikaalien tuotanto ja myynti","og_description":"Sorbinsyra (Acidum sorbicum) \u00e4r \u00e4ven k\u00e4nd som E-kod E200. Ett allm\u00e4nt fuktbevarande medel, samt ett konserveringsmedel som \u00e4r separerat fr\u00e5n r\u00f6nnb\u00e4r eller kemiskt framst\u00e4llt.","og_url":"https:\/\/masterchem.fi\/sv\/produkt\/sorbinsyra-cas-110-44-1\/","og_site_name":"MasterChem | kemikaalien tuotanto ja myynti","article_modified_time":"2022-05-23T13:59:38+00:00","og_image":[{"width":1000,"height":1000,"url":"https:\/\/masterchem.fi\/wp-content\/uploads\/2022\/05\/Sorbiinihappo-CAS-110-44-1-25kg-MasterChem.jpg","type":"image\/jpeg"}],"twitter_card":"summary_large_image","schema":{"@context":"https:\/\/schema.org","@graph":[{"@type":"WebPage","@id":"https:\/\/masterchem.fi\/sv\/produkt\/sorbinsyra-cas-110-44-1\/","url":"https:\/\/masterchem.fi\/sv\/produkt\/sorbinsyra-cas-110-44-1\/","name":"Sorbinsyra (CAS 110-44-1) - MasterChem | kemikaalien tuotanto ja myynti","isPartOf":{"@id":"https:\/\/masterchem.fi\/sv\/#website"},"primaryImageOfPage":{"@id":"https:\/\/masterchem.fi\/sv\/produkt\/sorbinsyra-cas-110-44-1\/#primaryimage"},"image":{"@id":"https:\/\/masterchem.fi\/sv\/produkt\/sorbinsyra-cas-110-44-1\/#primaryimage"},"thumbnailUrl":"https:\/\/masterchem.fi\/wp-content\/uploads\/2022\/05\/Sorbiinihappo-CAS-110-44-1-25kg-MasterChem.jpg","datePublished":"2022-05-23T13:54:04+00:00","dateModified":"2022-05-23T13:59:38+00:00","description":"Sorbinsyra (Acidum sorbicum) \u00e4r \u00e4ven k\u00e4nd som E-kod E200. Ett allm\u00e4nt fuktbevarande medel, samt ett konserveringsmedel som \u00e4r separerat fr\u00e5n r\u00f6nnb\u00e4r eller kemiskt framst\u00e4llt.","breadcrumb":{"@id":"https:\/\/masterchem.fi\/sv\/produkt\/sorbinsyra-cas-110-44-1\/#breadcrumb"},"inLanguage":"sv-SE","potentialAction":[{"@type":"ReadAction","target":["https:\/\/masterchem.fi\/sv\/produkt\/sorbinsyra-cas-110-44-1\/"]}]},{"@type":"ImageObject","inLanguage":"sv-SE","@id":"https:\/\/masterchem.fi\/sv\/produkt\/sorbinsyra-cas-110-44-1\/#primaryimage","url":"https:\/\/masterchem.fi\/wp-content\/uploads\/2022\/05\/Sorbiinihappo-CAS-110-44-1-25kg-MasterChem.jpg","contentUrl":"https:\/\/masterchem.fi\/wp-content\/uploads\/2022\/05\/Sorbiinihappo-CAS-110-44-1-25kg-MasterChem.jpg","width":1000,"height":1000,"caption":"Sorbinsyra (CAS 110-44-1) 25kg MasterChem"},{"@type":"BreadcrumbList","@id":"https:\/\/masterchem.fi\/sv\/produkt\/sorbinsyra-cas-110-44-1\/#breadcrumb","itemListElement":[{"@type":"ListItem","position":1,"name":"Home","item":"https:\/\/masterchem.fi\/sv\/"},{"@type":"ListItem","position":2,"name":"Butik","item":"https:\/\/masterchem.fi\/sv\/butik\/"},{"@type":"ListItem","position":3,"name":"Sorbinsyra (CAS 110-44-1)"}]},{"@type":"WebSite","@id":"https:\/\/masterchem.fi\/sv\/#website","url":"https:\/\/masterchem.fi\/sv\/","name":"MasterChem | kemikaalien tuotanto ja myynti","description":"kemikaalien tuotanto ja myynti","potentialAction":[{"@type":"SearchAction","target":{"@type":"EntryPoint","urlTemplate":"https:\/\/masterchem.fi\/sv\/?s={search_term_string}"},"query-input":{"@type":"PropertyValueSpecification","valueRequired":true,"valueName":"search_term_string"}}],"inLanguage":"sv-SE"}]}},"_links":{"self":[{"href":"https:\/\/masterchem.fi\/sv\/wp-json\/wp\/v2\/product\/9929","targetHints":{"allow":["GET"]}}],"collection":[{"href":"https:\/\/masterchem.fi\/sv\/wp-json\/wp\/v2\/product"}],"about":[{"href":"https:\/\/masterchem.fi\/sv\/wp-json\/wp\/v2\/types\/product"}],"wp:featuredmedia":[{"embeddable":true,"href":"https:\/\/masterchem.fi\/sv\/wp-json\/wp\/v2\/media\/9933"}],"wp:attachment":[{"href":"https:\/\/masterchem.fi\/sv\/wp-json\/wp\/v2\/media?parent=9929"}],"wp:term":[{"taxonomy":"product_brand","embeddable":true,"href":"https:\/\/masterchem.fi\/sv\/wp-json\/wp\/v2\/product_brand?post=9929"},{"taxonomy":"product_cat","embeddable":true,"href":"https:\/\/masterchem.fi\/sv\/wp-json\/wp\/v2\/product_cat?post=9929"},{"taxonomy":"product_tag","embeddable":true,"href":"https:\/\/masterchem.fi\/sv\/wp-json\/wp\/v2\/product_tag?post=9929"}],"curies":[{"name":"wp","href":"https:\/\/api.w.org\/{rel}","templated":true}]}}