{"id":9969,"date":"2022-05-23T17:29:45","date_gmt":"2022-05-23T14:29:46","guid":{"rendered":"https:\/\/masterchem.fi\/?post_type=product&#038;p=9969"},"modified":"2022-05-23T17:34:43","modified_gmt":"2022-05-23T14:34:43","slug":"glycin-cas-56-40-6","status":"publish","type":"product","link":"https:\/\/masterchem.fi\/sv\/produkt\/glycin-cas-56-40-6\/","title":{"rendered":"Glycin (CAS 56-40-6)"},"content":{"rendered":"<p> <strong> Information <\/strong> <\/p>\n<p> Branscher: G\u00f6dselmedel, l\u00e4kemedel, livsmedel, foder <br \/>\nCAS-nummer: 56-40-6 <br \/>\nWE-nummer: 200-272-2 <br \/>\nKemisk formel: C2h5no2 <br \/>\nMolekylvikt: 282,46 g\/mol <br \/>\nTariffkod: 29224985 <\/p>\n<p> <strong> Andra fysiska egenskaper <\/strong> <\/p>\n<p> pH: 5,97 <br \/>\nSm\u00e4ltpunkt\/fryspunkt: 233 \u00b0C <br \/>\nRelativ densitet: 1 595 g \/ cm3 <\/p>\n","protected":false},"excerpt":{"rendered":"<p> <strong> Glycin (CAS 56-40-6) <\/strong> <\/p>\n<p>Glycin (C2H5NO2), eller 2-amino\u00e4ttiksyra eller 2-amino\u00e4ttiksyra, \u00e4r en av de 20 aminosyrorna i den genetiska koden. Dess sidokedja best\u00e5r endast av en v\u00e4teatom, vilket g\u00f6r den till den minsta och enklaste aminosyran. Glycin \u00e4r inte heller optiskt aktivt. Glycin har en relativ densitet p\u00e5 1,595 g\/cm3 (vatten = 1,0 g\/cm3) och ett CAS-tal p\u00e5 56-40-6. L\u00f6sligheten av glycin i vatten vid 25 \u00b0 C \u00e4r 25 g \/ 100 ml. Glycin anv\u00e4nds i livsmedel som en smakf\u00f6rst\u00e4rkare och har E-koden E640. <\/p>\n<p> Den lilla storleken p\u00e5 glycin \u00f6kar flexibiliteten hos proteinkedjan. Glycin \u00e4r opol\u00e4rt, oladdat och neutralt och har en l\u00e5g vattenhalt. Glycin \u00e4r vanligt i proteinkedjor och har den genetiska koden GGU, GGC, GGA och GGG. <\/p>\n","protected":false},"featured_media":9973,"template":"","meta":[],"product_brand":[],"product_cat":[116,171,173,179,106],"product_tag":[],"class_list":{"0":"post-9969","1":"product","2":"type-product","3":"status-publish","4":"has-post-thumbnail","6":"product_cat-alla-produkter","7":"product_cat-livsmedelsindustrin","8":"product_cat-godselmedel","9":"product_cat-foderindustri","10":"product_cat-lakemedelsindustri","12":"first","13":"outofstock","14":"taxable","15":"shipping-taxable","16":"purchasable","17":"product-type-variable","18":"has-default-attributes","19":"rtwpvg-product"},"yoast_head":"<!-- This site is optimized with the Yoast SEO plugin v27.2 - https:\/\/yoast.com\/product\/yoast-seo-wordpress\/ -->\n<title>Glycin (CAS 56-40-6) - MasterChem | kemikaalien tuotanto ja myynti<\/title>\n<meta name=\"description\" content=\"Glycin (C2H5NO2), eller 2-amino\u00e4ttiksyra eller 2-amino\u00e4ttiksyra, \u00e4r en av de 20 aminosyrorna i den genetiska koden.\" \/>\n<meta name=\"robots\" content=\"index, follow, max-snippet:-1, max-image-preview:large, max-video-preview:-1\" \/>\n<link rel=\"canonical\" href=\"https:\/\/masterchem.fi\/sv\/produkt\/glycin-cas-56-40-6\/\" \/>\n<meta property=\"og:locale\" content=\"sv_SE\" \/>\n<meta property=\"og:type\" content=\"article\" \/>\n<meta property=\"og:title\" content=\"Glycin (CAS 56-40-6) - MasterChem | kemikaalien tuotanto ja myynti\" \/>\n<meta property=\"og:description\" content=\"Glycin (C2H5NO2), eller 2-amino\u00e4ttiksyra eller 2-amino\u00e4ttiksyra, \u00e4r en av de 20 aminosyrorna i den genetiska koden.\" \/>\n<meta property=\"og:url\" content=\"https:\/\/masterchem.fi\/sv\/produkt\/glycin-cas-56-40-6\/\" \/>\n<meta property=\"og:site_name\" content=\"MasterChem | kemikaalien tuotanto ja myynti\" \/>\n<meta property=\"article:modified_time\" content=\"2022-05-23T14:34:43+00:00\" \/>\n<meta property=\"og:image\" content=\"https:\/\/masterchem.fi\/wp-content\/uploads\/2022\/05\/Glysiini-CAS-56-40-6-25kg-MasterChem.jpg\" \/>\n\t<meta property=\"og:image:width\" content=\"1000\" \/>\n\t<meta property=\"og:image:height\" content=\"1000\" \/>\n\t<meta property=\"og:image:type\" content=\"image\/jpeg\" \/>\n<meta name=\"twitter:card\" content=\"summary_large_image\" \/>\n<script type=\"application\/ld+json\" class=\"yoast-schema-graph\">{\"@context\":\"https:\/\/schema.org\",\"@graph\":[{\"@type\":\"WebPage\",\"@id\":\"https:\/\/masterchem.fi\/sv\/produkt\/glycin-cas-56-40-6\/\",\"url\":\"https:\/\/masterchem.fi\/sv\/produkt\/glycin-cas-56-40-6\/\",\"name\":\"Glycin (CAS 56-40-6) - MasterChem | kemikaalien tuotanto ja myynti\",\"isPartOf\":{\"@id\":\"https:\/\/masterchem.fi\/sv\/#website\"},\"primaryImageOfPage\":{\"@id\":\"https:\/\/masterchem.fi\/sv\/produkt\/glycin-cas-56-40-6\/#primaryimage\"},\"image\":{\"@id\":\"https:\/\/masterchem.fi\/sv\/produkt\/glycin-cas-56-40-6\/#primaryimage\"},\"thumbnailUrl\":\"https:\/\/masterchem.fi\/wp-content\/uploads\/2022\/05\/Glysiini-CAS-56-40-6-25kg-MasterChem.jpg\",\"datePublished\":\"2022-05-23T14:29:46+00:00\",\"dateModified\":\"2022-05-23T14:34:43+00:00\",\"description\":\"Glycin (C2H5NO2), eller 2-amino\u00e4ttiksyra eller 2-amino\u00e4ttiksyra, \u00e4r en av de 20 aminosyrorna i den genetiska koden.\",\"breadcrumb\":{\"@id\":\"https:\/\/masterchem.fi\/sv\/produkt\/glycin-cas-56-40-6\/#breadcrumb\"},\"inLanguage\":\"sv-SE\",\"potentialAction\":[{\"@type\":\"ReadAction\",\"target\":[\"https:\/\/masterchem.fi\/sv\/produkt\/glycin-cas-56-40-6\/\"]}]},{\"@type\":\"ImageObject\",\"inLanguage\":\"sv-SE\",\"@id\":\"https:\/\/masterchem.fi\/sv\/produkt\/glycin-cas-56-40-6\/#primaryimage\",\"url\":\"https:\/\/masterchem.fi\/wp-content\/uploads\/2022\/05\/Glysiini-CAS-56-40-6-25kg-MasterChem.jpg\",\"contentUrl\":\"https:\/\/masterchem.fi\/wp-content\/uploads\/2022\/05\/Glysiini-CAS-56-40-6-25kg-MasterChem.jpg\",\"width\":1000,\"height\":1000,\"caption\":\"Glycin (CAS 56-40-6) 25kg MasterChem\"},{\"@type\":\"BreadcrumbList\",\"@id\":\"https:\/\/masterchem.fi\/sv\/produkt\/glycin-cas-56-40-6\/#breadcrumb\",\"itemListElement\":[{\"@type\":\"ListItem\",\"position\":1,\"name\":\"Home\",\"item\":\"https:\/\/masterchem.fi\/sv\/\"},{\"@type\":\"ListItem\",\"position\":2,\"name\":\"Butik\",\"item\":\"https:\/\/masterchem.fi\/sv\/butik\/\"},{\"@type\":\"ListItem\",\"position\":3,\"name\":\"Glycin (CAS 56-40-6)\"}]},{\"@type\":\"WebSite\",\"@id\":\"https:\/\/masterchem.fi\/sv\/#website\",\"url\":\"https:\/\/masterchem.fi\/sv\/\",\"name\":\"MasterChem | kemikaalien tuotanto ja myynti\",\"description\":\"kemikaalien tuotanto ja myynti\",\"potentialAction\":[{\"@type\":\"SearchAction\",\"target\":{\"@type\":\"EntryPoint\",\"urlTemplate\":\"https:\/\/masterchem.fi\/sv\/?s={search_term_string}\"},\"query-input\":{\"@type\":\"PropertyValueSpecification\",\"valueRequired\":true,\"valueName\":\"search_term_string\"}}],\"inLanguage\":\"sv-SE\"}]}<\/script>\n<!-- \/ Yoast SEO plugin. -->","yoast_head_json":{"title":"Glycin (CAS 56-40-6) - MasterChem | kemikaalien tuotanto ja myynti","description":"Glycin (C2H5NO2), eller 2-amino\u00e4ttiksyra eller 2-amino\u00e4ttiksyra, \u00e4r en av de 20 aminosyrorna i den genetiska koden.","robots":{"index":"index","follow":"follow","max-snippet":"max-snippet:-1","max-image-preview":"max-image-preview:large","max-video-preview":"max-video-preview:-1"},"canonical":"https:\/\/masterchem.fi\/sv\/produkt\/glycin-cas-56-40-6\/","og_locale":"sv_SE","og_type":"article","og_title":"Glycin (CAS 56-40-6) - MasterChem | kemikaalien tuotanto ja myynti","og_description":"Glycin (C2H5NO2), eller 2-amino\u00e4ttiksyra eller 2-amino\u00e4ttiksyra, \u00e4r en av de 20 aminosyrorna i den genetiska koden.","og_url":"https:\/\/masterchem.fi\/sv\/produkt\/glycin-cas-56-40-6\/","og_site_name":"MasterChem | kemikaalien tuotanto ja myynti","article_modified_time":"2022-05-23T14:34:43+00:00","og_image":[{"width":1000,"height":1000,"url":"https:\/\/masterchem.fi\/wp-content\/uploads\/2022\/05\/Glysiini-CAS-56-40-6-25kg-MasterChem.jpg","type":"image\/jpeg"}],"twitter_card":"summary_large_image","schema":{"@context":"https:\/\/schema.org","@graph":[{"@type":"WebPage","@id":"https:\/\/masterchem.fi\/sv\/produkt\/glycin-cas-56-40-6\/","url":"https:\/\/masterchem.fi\/sv\/produkt\/glycin-cas-56-40-6\/","name":"Glycin (CAS 56-40-6) - MasterChem | kemikaalien tuotanto ja myynti","isPartOf":{"@id":"https:\/\/masterchem.fi\/sv\/#website"},"primaryImageOfPage":{"@id":"https:\/\/masterchem.fi\/sv\/produkt\/glycin-cas-56-40-6\/#primaryimage"},"image":{"@id":"https:\/\/masterchem.fi\/sv\/produkt\/glycin-cas-56-40-6\/#primaryimage"},"thumbnailUrl":"https:\/\/masterchem.fi\/wp-content\/uploads\/2022\/05\/Glysiini-CAS-56-40-6-25kg-MasterChem.jpg","datePublished":"2022-05-23T14:29:46+00:00","dateModified":"2022-05-23T14:34:43+00:00","description":"Glycin (C2H5NO2), eller 2-amino\u00e4ttiksyra eller 2-amino\u00e4ttiksyra, \u00e4r en av de 20 aminosyrorna i den genetiska koden.","breadcrumb":{"@id":"https:\/\/masterchem.fi\/sv\/produkt\/glycin-cas-56-40-6\/#breadcrumb"},"inLanguage":"sv-SE","potentialAction":[{"@type":"ReadAction","target":["https:\/\/masterchem.fi\/sv\/produkt\/glycin-cas-56-40-6\/"]}]},{"@type":"ImageObject","inLanguage":"sv-SE","@id":"https:\/\/masterchem.fi\/sv\/produkt\/glycin-cas-56-40-6\/#primaryimage","url":"https:\/\/masterchem.fi\/wp-content\/uploads\/2022\/05\/Glysiini-CAS-56-40-6-25kg-MasterChem.jpg","contentUrl":"https:\/\/masterchem.fi\/wp-content\/uploads\/2022\/05\/Glysiini-CAS-56-40-6-25kg-MasterChem.jpg","width":1000,"height":1000,"caption":"Glycin (CAS 56-40-6) 25kg MasterChem"},{"@type":"BreadcrumbList","@id":"https:\/\/masterchem.fi\/sv\/produkt\/glycin-cas-56-40-6\/#breadcrumb","itemListElement":[{"@type":"ListItem","position":1,"name":"Home","item":"https:\/\/masterchem.fi\/sv\/"},{"@type":"ListItem","position":2,"name":"Butik","item":"https:\/\/masterchem.fi\/sv\/butik\/"},{"@type":"ListItem","position":3,"name":"Glycin (CAS 56-40-6)"}]},{"@type":"WebSite","@id":"https:\/\/masterchem.fi\/sv\/#website","url":"https:\/\/masterchem.fi\/sv\/","name":"MasterChem | kemikaalien tuotanto ja myynti","description":"kemikaalien tuotanto ja myynti","potentialAction":[{"@type":"SearchAction","target":{"@type":"EntryPoint","urlTemplate":"https:\/\/masterchem.fi\/sv\/?s={search_term_string}"},"query-input":{"@type":"PropertyValueSpecification","valueRequired":true,"valueName":"search_term_string"}}],"inLanguage":"sv-SE"}]}},"_links":{"self":[{"href":"https:\/\/masterchem.fi\/sv\/wp-json\/wp\/v2\/product\/9969","targetHints":{"allow":["GET"]}}],"collection":[{"href":"https:\/\/masterchem.fi\/sv\/wp-json\/wp\/v2\/product"}],"about":[{"href":"https:\/\/masterchem.fi\/sv\/wp-json\/wp\/v2\/types\/product"}],"wp:featuredmedia":[{"embeddable":true,"href":"https:\/\/masterchem.fi\/sv\/wp-json\/wp\/v2\/media\/9973"}],"wp:attachment":[{"href":"https:\/\/masterchem.fi\/sv\/wp-json\/wp\/v2\/media?parent=9969"}],"wp:term":[{"taxonomy":"product_brand","embeddable":true,"href":"https:\/\/masterchem.fi\/sv\/wp-json\/wp\/v2\/product_brand?post=9969"},{"taxonomy":"product_cat","embeddable":true,"href":"https:\/\/masterchem.fi\/sv\/wp-json\/wp\/v2\/product_cat?post=9969"},{"taxonomy":"product_tag","embeddable":true,"href":"https:\/\/masterchem.fi\/sv\/wp-json\/wp\/v2\/product_tag?post=9969"}],"curies":[{"name":"wp","href":"https:\/\/api.w.org\/{rel}","templated":true}]}}