{"id":9979,"date":"2022-05-23T17:36:25","date_gmt":"2022-05-23T14:36:26","guid":{"rendered":"https:\/\/masterchem.fi\/?post_type=product&#038;p=9979"},"modified":"2022-05-23T17:39:28","modified_gmt":"2022-05-23T14:39:28","slug":"kopparkloriddihydrat-cas-10125-13-0","status":"publish","type":"product","link":"https:\/\/masterchem.fi\/sv\/produkt\/kopparkloriddihydrat-cas-10125-13-0\/","title":{"rendered":"Kopparkloriddihydrat (CAS 10125-13-0)"},"content":{"rendered":"<p> <strong> Information <\/strong> <\/p>\n<p> Bransch: g\u00f6dningsmedel, foderindustri <br \/>\nCAS-nummer: 10125-13-0 <br \/>\nWE-nummer: 231-210-2 <br \/>\nKemisk formel: CuCl2 \u00b7 2H2O <br \/>\nMolekylvikt: 134,45 g\/mol <br \/>\nTulltaxekod: 28273985 <br \/>\nADR: UN2802 <\/p>\n<p> <strong> Andra fysiska egenskaper <\/strong> <\/p>\n<p> pH: 3-3,8 <br \/>\nSm\u00e4ltpunkt \/ fryspunkt: ~ 100 \u00b0 C <br \/>\nRelativ densitet: 3,39 g\/cm3 <br \/>\nL\u00f6slighet i vatten: 1150 g\/l <\/p>\n","protected":false},"excerpt":{"rendered":"<p> <strong> Kopparkloriddihydrat (CAS 10125-13-0) <\/strong> <\/p>\n<p> Kopparklorid, eller koppar(II)klorid eller kopparklorid (CuCl2), \u00e4r en oorganisk jonf\u00f6rening som bildas av koppar- och kloridjoner. F\u00f6reningen anv\u00e4nds inom den kemiska industrin som en katalysator, ett f\u00e4rg\u00e4mne, vid elektrolytisk bel\u00e4ggning av metaller med koppar och i vissa andra till\u00e4mpningar. <\/p>\n","protected":false},"featured_media":9983,"template":"","meta":[],"product_brand":[],"product_cat":[116,173,179,182],"product_tag":[],"class_list":{"0":"post-9979","1":"product","2":"type-product","3":"status-publish","4":"has-post-thumbnail","6":"product_cat-alla-produkter","7":"product_cat-godselmedel","8":"product_cat-foderindustri","9":"product_cat-hortikultur","11":"first","12":"outofstock","13":"taxable","14":"shipping-taxable","15":"purchasable","16":"product-type-variable","17":"has-default-attributes","18":"rtwpvg-product"},"yoast_head":"<!-- This site is optimized with the Yoast SEO plugin v27.2 - https:\/\/yoast.com\/product\/yoast-seo-wordpress\/ -->\n<title>Kopparkloriddihydrat (CAS 10125-13-0) - MasterChem | kemikaalien tuotanto ja myynti<\/title>\n<meta name=\"description\" content=\"Kopparklorid, eller koppar(II)klorid eller kopparklorid (CuCl2), \u00e4r en oorganisk jonf\u00f6rening som bildas av koppar- och kloridjoner.\" \/>\n<meta name=\"robots\" content=\"index, follow, max-snippet:-1, max-image-preview:large, max-video-preview:-1\" \/>\n<link rel=\"canonical\" href=\"https:\/\/masterchem.fi\/sv\/produkt\/kopparkloriddihydrat-cas-10125-13-0\/\" \/>\n<meta property=\"og:locale\" content=\"sv_SE\" \/>\n<meta property=\"og:type\" content=\"article\" \/>\n<meta property=\"og:title\" content=\"Kopparkloriddihydrat (CAS 10125-13-0) - MasterChem | kemikaalien tuotanto ja myynti\" \/>\n<meta property=\"og:description\" content=\"Kopparklorid, eller koppar(II)klorid eller kopparklorid (CuCl2), \u00e4r en oorganisk jonf\u00f6rening som bildas av koppar- och kloridjoner.\" \/>\n<meta property=\"og:url\" content=\"https:\/\/masterchem.fi\/sv\/produkt\/kopparkloriddihydrat-cas-10125-13-0\/\" \/>\n<meta property=\"og:site_name\" content=\"MasterChem | kemikaalien tuotanto ja myynti\" \/>\n<meta property=\"article:modified_time\" content=\"2022-05-23T14:39:28+00:00\" \/>\n<meta property=\"og:image\" content=\"https:\/\/masterchem.fi\/wp-content\/uploads\/2022\/05\/Kupariklorididihydraatti-CAS-10125-13-0-25kg-MasterChem.jpg\" \/>\n\t<meta property=\"og:image:width\" content=\"1000\" \/>\n\t<meta property=\"og:image:height\" content=\"1000\" \/>\n\t<meta property=\"og:image:type\" content=\"image\/jpeg\" \/>\n<meta name=\"twitter:card\" content=\"summary_large_image\" \/>\n<script type=\"application\/ld+json\" class=\"yoast-schema-graph\">{\"@context\":\"https:\/\/schema.org\",\"@graph\":[{\"@type\":\"WebPage\",\"@id\":\"https:\/\/masterchem.fi\/sv\/produkt\/kopparkloriddihydrat-cas-10125-13-0\/\",\"url\":\"https:\/\/masterchem.fi\/sv\/produkt\/kopparkloriddihydrat-cas-10125-13-0\/\",\"name\":\"Kopparkloriddihydrat (CAS 10125-13-0) - MasterChem | kemikaalien tuotanto ja myynti\",\"isPartOf\":{\"@id\":\"https:\/\/masterchem.fi\/sv\/#website\"},\"primaryImageOfPage\":{\"@id\":\"https:\/\/masterchem.fi\/sv\/produkt\/kopparkloriddihydrat-cas-10125-13-0\/#primaryimage\"},\"image\":{\"@id\":\"https:\/\/masterchem.fi\/sv\/produkt\/kopparkloriddihydrat-cas-10125-13-0\/#primaryimage\"},\"thumbnailUrl\":\"https:\/\/masterchem.fi\/wp-content\/uploads\/2022\/05\/Kupariklorididihydraatti-CAS-10125-13-0-25kg-MasterChem.jpg\",\"datePublished\":\"2022-05-23T14:36:26+00:00\",\"dateModified\":\"2022-05-23T14:39:28+00:00\",\"description\":\"Kopparklorid, eller koppar(II)klorid eller kopparklorid (CuCl2), \u00e4r en oorganisk jonf\u00f6rening som bildas av koppar- och kloridjoner.\",\"breadcrumb\":{\"@id\":\"https:\/\/masterchem.fi\/sv\/produkt\/kopparkloriddihydrat-cas-10125-13-0\/#breadcrumb\"},\"inLanguage\":\"sv-SE\",\"potentialAction\":[{\"@type\":\"ReadAction\",\"target\":[\"https:\/\/masterchem.fi\/sv\/produkt\/kopparkloriddihydrat-cas-10125-13-0\/\"]}]},{\"@type\":\"ImageObject\",\"inLanguage\":\"sv-SE\",\"@id\":\"https:\/\/masterchem.fi\/sv\/produkt\/kopparkloriddihydrat-cas-10125-13-0\/#primaryimage\",\"url\":\"https:\/\/masterchem.fi\/wp-content\/uploads\/2022\/05\/Kupariklorididihydraatti-CAS-10125-13-0-25kg-MasterChem.jpg\",\"contentUrl\":\"https:\/\/masterchem.fi\/wp-content\/uploads\/2022\/05\/Kupariklorididihydraatti-CAS-10125-13-0-25kg-MasterChem.jpg\",\"width\":1000,\"height\":1000,\"caption\":\"Kopparkloriddihydrat (CAS 10125-13-0) 25kg MasterChem\"},{\"@type\":\"BreadcrumbList\",\"@id\":\"https:\/\/masterchem.fi\/sv\/produkt\/kopparkloriddihydrat-cas-10125-13-0\/#breadcrumb\",\"itemListElement\":[{\"@type\":\"ListItem\",\"position\":1,\"name\":\"Home\",\"item\":\"https:\/\/masterchem.fi\/sv\/\"},{\"@type\":\"ListItem\",\"position\":2,\"name\":\"Butik\",\"item\":\"https:\/\/masterchem.fi\/sv\/butik\/\"},{\"@type\":\"ListItem\",\"position\":3,\"name\":\"Kopparkloriddihydrat (CAS 10125-13-0)\"}]},{\"@type\":\"WebSite\",\"@id\":\"https:\/\/masterchem.fi\/sv\/#website\",\"url\":\"https:\/\/masterchem.fi\/sv\/\",\"name\":\"MasterChem | kemikaalien tuotanto ja myynti\",\"description\":\"kemikaalien tuotanto ja myynti\",\"potentialAction\":[{\"@type\":\"SearchAction\",\"target\":{\"@type\":\"EntryPoint\",\"urlTemplate\":\"https:\/\/masterchem.fi\/sv\/?s={search_term_string}\"},\"query-input\":{\"@type\":\"PropertyValueSpecification\",\"valueRequired\":true,\"valueName\":\"search_term_string\"}}],\"inLanguage\":\"sv-SE\"}]}<\/script>\n<!-- \/ Yoast SEO plugin. -->","yoast_head_json":{"title":"Kopparkloriddihydrat (CAS 10125-13-0) - MasterChem | kemikaalien tuotanto ja myynti","description":"Kopparklorid, eller koppar(II)klorid eller kopparklorid (CuCl2), \u00e4r en oorganisk jonf\u00f6rening som bildas av koppar- och kloridjoner.","robots":{"index":"index","follow":"follow","max-snippet":"max-snippet:-1","max-image-preview":"max-image-preview:large","max-video-preview":"max-video-preview:-1"},"canonical":"https:\/\/masterchem.fi\/sv\/produkt\/kopparkloriddihydrat-cas-10125-13-0\/","og_locale":"sv_SE","og_type":"article","og_title":"Kopparkloriddihydrat (CAS 10125-13-0) - MasterChem | kemikaalien tuotanto ja myynti","og_description":"Kopparklorid, eller koppar(II)klorid eller kopparklorid (CuCl2), \u00e4r en oorganisk jonf\u00f6rening som bildas av koppar- och kloridjoner.","og_url":"https:\/\/masterchem.fi\/sv\/produkt\/kopparkloriddihydrat-cas-10125-13-0\/","og_site_name":"MasterChem | kemikaalien tuotanto ja myynti","article_modified_time":"2022-05-23T14:39:28+00:00","og_image":[{"width":1000,"height":1000,"url":"https:\/\/masterchem.fi\/wp-content\/uploads\/2022\/05\/Kupariklorididihydraatti-CAS-10125-13-0-25kg-MasterChem.jpg","type":"image\/jpeg"}],"twitter_card":"summary_large_image","schema":{"@context":"https:\/\/schema.org","@graph":[{"@type":"WebPage","@id":"https:\/\/masterchem.fi\/sv\/produkt\/kopparkloriddihydrat-cas-10125-13-0\/","url":"https:\/\/masterchem.fi\/sv\/produkt\/kopparkloriddihydrat-cas-10125-13-0\/","name":"Kopparkloriddihydrat (CAS 10125-13-0) - MasterChem | kemikaalien tuotanto ja myynti","isPartOf":{"@id":"https:\/\/masterchem.fi\/sv\/#website"},"primaryImageOfPage":{"@id":"https:\/\/masterchem.fi\/sv\/produkt\/kopparkloriddihydrat-cas-10125-13-0\/#primaryimage"},"image":{"@id":"https:\/\/masterchem.fi\/sv\/produkt\/kopparkloriddihydrat-cas-10125-13-0\/#primaryimage"},"thumbnailUrl":"https:\/\/masterchem.fi\/wp-content\/uploads\/2022\/05\/Kupariklorididihydraatti-CAS-10125-13-0-25kg-MasterChem.jpg","datePublished":"2022-05-23T14:36:26+00:00","dateModified":"2022-05-23T14:39:28+00:00","description":"Kopparklorid, eller koppar(II)klorid eller kopparklorid (CuCl2), \u00e4r en oorganisk jonf\u00f6rening som bildas av koppar- och kloridjoner.","breadcrumb":{"@id":"https:\/\/masterchem.fi\/sv\/produkt\/kopparkloriddihydrat-cas-10125-13-0\/#breadcrumb"},"inLanguage":"sv-SE","potentialAction":[{"@type":"ReadAction","target":["https:\/\/masterchem.fi\/sv\/produkt\/kopparkloriddihydrat-cas-10125-13-0\/"]}]},{"@type":"ImageObject","inLanguage":"sv-SE","@id":"https:\/\/masterchem.fi\/sv\/produkt\/kopparkloriddihydrat-cas-10125-13-0\/#primaryimage","url":"https:\/\/masterchem.fi\/wp-content\/uploads\/2022\/05\/Kupariklorididihydraatti-CAS-10125-13-0-25kg-MasterChem.jpg","contentUrl":"https:\/\/masterchem.fi\/wp-content\/uploads\/2022\/05\/Kupariklorididihydraatti-CAS-10125-13-0-25kg-MasterChem.jpg","width":1000,"height":1000,"caption":"Kopparkloriddihydrat (CAS 10125-13-0) 25kg MasterChem"},{"@type":"BreadcrumbList","@id":"https:\/\/masterchem.fi\/sv\/produkt\/kopparkloriddihydrat-cas-10125-13-0\/#breadcrumb","itemListElement":[{"@type":"ListItem","position":1,"name":"Home","item":"https:\/\/masterchem.fi\/sv\/"},{"@type":"ListItem","position":2,"name":"Butik","item":"https:\/\/masterchem.fi\/sv\/butik\/"},{"@type":"ListItem","position":3,"name":"Kopparkloriddihydrat (CAS 10125-13-0)"}]},{"@type":"WebSite","@id":"https:\/\/masterchem.fi\/sv\/#website","url":"https:\/\/masterchem.fi\/sv\/","name":"MasterChem | kemikaalien tuotanto ja myynti","description":"kemikaalien tuotanto ja myynti","potentialAction":[{"@type":"SearchAction","target":{"@type":"EntryPoint","urlTemplate":"https:\/\/masterchem.fi\/sv\/?s={search_term_string}"},"query-input":{"@type":"PropertyValueSpecification","valueRequired":true,"valueName":"search_term_string"}}],"inLanguage":"sv-SE"}]}},"_links":{"self":[{"href":"https:\/\/masterchem.fi\/sv\/wp-json\/wp\/v2\/product\/9979","targetHints":{"allow":["GET"]}}],"collection":[{"href":"https:\/\/masterchem.fi\/sv\/wp-json\/wp\/v2\/product"}],"about":[{"href":"https:\/\/masterchem.fi\/sv\/wp-json\/wp\/v2\/types\/product"}],"wp:featuredmedia":[{"embeddable":true,"href":"https:\/\/masterchem.fi\/sv\/wp-json\/wp\/v2\/media\/9983"}],"wp:attachment":[{"href":"https:\/\/masterchem.fi\/sv\/wp-json\/wp\/v2\/media?parent=9979"}],"wp:term":[{"taxonomy":"product_brand","embeddable":true,"href":"https:\/\/masterchem.fi\/sv\/wp-json\/wp\/v2\/product_brand?post=9979"},{"taxonomy":"product_cat","embeddable":true,"href":"https:\/\/masterchem.fi\/sv\/wp-json\/wp\/v2\/product_cat?post=9979"},{"taxonomy":"product_tag","embeddable":true,"href":"https:\/\/masterchem.fi\/sv\/wp-json\/wp\/v2\/product_tag?post=9979"}],"curies":[{"name":"wp","href":"https:\/\/api.w.org\/{rel}","templated":true}]}}